{"id":2675,"date":"2026-01-23T10:48:09","date_gmt":"2026-01-23T09:48:09","guid":{"rendered":"https:\/\/www.hotelaristoncaorle.it\/?page_id=2675"},"modified":"2026-01-27T13:26:04","modified_gmt":"2026-01-27T12:26:04","slug":"faq","status":"publish","type":"page","link":"https:\/\/www.hotelaristoncaorle.it\/de\/faq","title":{"rendered":"FAQ"},"content":{"rendered":"\n<p>Auf dieser Seite haben wir die <strong>Antworten auf die h\u00e4ufigsten Fragen<\/strong> unserer G\u00e4ste zusammengestellt, zum Beispiel zur Lage, zur Anreise zum Hotel, zu Parkm\u00f6glichkeiten, Sportangeboten, \u00dcbernachtungsoptionen sowie <strong>praktische Informationen<\/strong>, damit Sie Ihren <strong>Urlaub im Hotel Ariston Caorle<\/strong> bestm\u00f6glich organisieren k\u00f6nnen.<\/p>\n","protected":false},"excerpt":{"rendered":"<p>Auf dieser Seite haben wir die Antworten auf die h\u00e4ufigsten Fragen unserer G\u00e4ste zusammengestellt, zum Beispiel zur Lage, zur Anreise zum Hotel, zu Parkm\u00f6glichkeiten, Sportangeboten, \u00dcbernachtungsoptionen sowie praktische Informationen, damit Sie Ihren Urlaub im Hotel Ariston Caorle bestm\u00f6glich organisieren k\u00f6nnen.<\/p>\n","protected":false},"author":1,"featured_media":0,"parent":0,"menu_order":0,"comment_status":"closed","ping_status":"closed","template":"page-templates\/pagina_faq.php","meta":{"_acf_changed":false,"inline_featured_image":false,"footnotes":""},"class_list":["post-2675","page","type-page","status-publish","hentry"],"acf":[],"yoast_head":"<!-- This site is optimized with the Yoast SEO plugin v27.0 - https:\/\/yoast.com\/product\/yoast-seo-wordpress\/ -->\n<title>Informationen und FAQ \u2013 Hotel Ariston Caorle<\/title>\n<meta name=\"description\" content=\"Hier finden Sie die Antworten auf die am h\u00e4ufigsten gestellten Fragen unserer G\u00e4ste sowie alle Informationen, um Ihren Urlaub optimal zu planen!\" \/>\n<meta name=\"robots\" content=\"index, follow, max-snippet:-1, max-image-preview:large, max-video-preview:-1\" \/>\n<link rel=\"canonical\" href=\"https:\/\/www.hotelaristoncaorle.it\/de\/faq\" \/>\n<meta property=\"og:locale\" content=\"de_DE\" \/>\n<meta property=\"og:type\" content=\"article\" \/>\n<meta property=\"og:title\" content=\"Informationen und FAQ \u2013 Hotel Ariston Caorle\" \/>\n<meta property=\"og:description\" content=\"Hier finden Sie die Antworten auf die am h\u00e4ufigsten gestellten Fragen unserer G\u00e4ste sowie alle Informationen, um Ihren Urlaub optimal zu planen!\" \/>\n<meta property=\"og:url\" content=\"https:\/\/www.hotelaristoncaorle.it\/de\/faq\" \/>\n<meta property=\"og:site_name\" content=\"Hotel Ariston Caorle\" \/>\n<meta property=\"article:modified_time\" content=\"2026-01-27T12:26:04+00:00\" \/>\n<meta name=\"twitter:card\" content=\"summary_large_image\" \/>\n<meta name=\"twitter:label1\" content=\"Gesch\u00e4tzte Lesezeit\" \/>\n\t<meta name=\"twitter:data1\" content=\"1\u00a0Minute\" \/>\n<script type=\"application\/ld+json\" class=\"yoast-schema-graph\">{\"@context\":\"https:\/\/schema.org\",\"@graph\":[{\"@type\":\"WebPage\",\"@id\":\"https:\/\/www.hotelaristoncaorle.it\/de\/faq\",\"url\":\"https:\/\/www.hotelaristoncaorle.it\/de\/faq\",\"name\":\"Informationen und FAQ \u2013 Hotel Ariston Caorle\",\"isPartOf\":{\"@id\":\"https:\/\/www.hotelaristoncaorle.it\/#website\"},\"datePublished\":\"2026-01-23T09:48:09+00:00\",\"dateModified\":\"2026-01-27T12:26:04+00:00\",\"description\":\"Hier finden Sie die Antworten auf die am h\u00e4ufigsten gestellten Fragen unserer G\u00e4ste sowie alle Informationen, um Ihren Urlaub optimal zu planen!\",\"breadcrumb\":{\"@id\":\"https:\/\/www.hotelaristoncaorle.it\/de\/faq#breadcrumb\"},\"inLanguage\":\"de\",\"potentialAction\":[{\"@type\":\"ReadAction\",\"target\":[\"https:\/\/www.hotelaristoncaorle.it\/de\/faq\"]}]},{\"@type\":\"BreadcrumbList\",\"@id\":\"https:\/\/www.hotelaristoncaorle.it\/de\/faq#breadcrumb\",\"itemListElement\":[{\"@type\":\"ListItem\",\"position\":1,\"name\":\"Home\",\"item\":\"https:\/\/www.hotelaristoncaorle.it\/de\"},{\"@type\":\"ListItem\",\"position\":2,\"name\":\"FAQ\"}]},{\"@type\":\"WebSite\",\"@id\":\"https:\/\/www.hotelaristoncaorle.it\/#website\",\"url\":\"https:\/\/www.hotelaristoncaorle.it\/\",\"name\":\"Hotel Ariston Caorle\",\"description\":\"\",\"publisher\":{\"@id\":\"https:\/\/www.hotelaristoncaorle.it\/#organization\"},\"potentialAction\":[{\"@type\":\"SearchAction\",\"target\":{\"@type\":\"EntryPoint\",\"urlTemplate\":\"https:\/\/www.hotelaristoncaorle.it\/?s={search_term_string}\"},\"query-input\":{\"@type\":\"PropertyValueSpecification\",\"valueRequired\":true,\"valueName\":\"search_term_string\"}}],\"inLanguage\":\"de\"},{\"@type\":\"Organization\",\"@id\":\"https:\/\/www.hotelaristoncaorle.it\/#organization\",\"name\":\"Hotel Ariston Caorle\",\"url\":\"https:\/\/www.hotelaristoncaorle.it\/\",\"logo\":{\"@type\":\"ImageObject\",\"inLanguage\":\"de\",\"@id\":\"https:\/\/www.hotelaristoncaorle.it\/#\/schema\/logo\/image\/\",\"url\":\"https:\/\/www.hotelaristoncaorle.it\/wp-content\/uploads\/2022\/07\/logo_email.svg\",\"contentUrl\":\"https:\/\/www.hotelaristoncaorle.it\/wp-content\/uploads\/2022\/07\/logo_email.svg\",\"width\":51,\"height\":52,\"caption\":\"Hotel Ariston Caorle\"},\"image\":{\"@id\":\"https:\/\/www.hotelaristoncaorle.it\/#\/schema\/logo\/image\/\"}}]}<\/script>\n<!-- \/ Yoast SEO plugin. -->","yoast_head_json":{"title":"Informationen und FAQ \u2013 Hotel Ariston Caorle","description":"Hier finden Sie die Antworten auf die am h\u00e4ufigsten gestellten Fragen unserer G\u00e4ste sowie alle Informationen, um Ihren Urlaub optimal zu planen!","robots":{"index":"index","follow":"follow","max-snippet":"max-snippet:-1","max-image-preview":"max-image-preview:large","max-video-preview":"max-video-preview:-1"},"canonical":"https:\/\/www.hotelaristoncaorle.it\/de\/faq","og_locale":"de_DE","og_type":"article","og_title":"Informationen und FAQ \u2013 Hotel Ariston Caorle","og_description":"Hier finden Sie die Antworten auf die am h\u00e4ufigsten gestellten Fragen unserer G\u00e4ste sowie alle Informationen, um Ihren Urlaub optimal zu planen!","og_url":"https:\/\/www.hotelaristoncaorle.it\/de\/faq","og_site_name":"Hotel Ariston Caorle","article_modified_time":"2026-01-27T12:26:04+00:00","twitter_card":"summary_large_image","twitter_misc":{"Gesch\u00e4tzte Lesezeit":"1\u00a0Minute"},"schema":{"@context":"https:\/\/schema.org","@graph":[{"@type":"WebPage","@id":"https:\/\/www.hotelaristoncaorle.it\/de\/faq","url":"https:\/\/www.hotelaristoncaorle.it\/de\/faq","name":"Informationen und FAQ \u2013 Hotel Ariston Caorle","isPartOf":{"@id":"https:\/\/www.hotelaristoncaorle.it\/#website"},"datePublished":"2026-01-23T09:48:09+00:00","dateModified":"2026-01-27T12:26:04+00:00","description":"Hier finden Sie die Antworten auf die am h\u00e4ufigsten gestellten Fragen unserer G\u00e4ste sowie alle Informationen, um Ihren Urlaub optimal zu planen!","breadcrumb":{"@id":"https:\/\/www.hotelaristoncaorle.it\/de\/faq#breadcrumb"},"inLanguage":"de","potentialAction":[{"@type":"ReadAction","target":["https:\/\/www.hotelaristoncaorle.it\/de\/faq"]}]},{"@type":"BreadcrumbList","@id":"https:\/\/www.hotelaristoncaorle.it\/de\/faq#breadcrumb","itemListElement":[{"@type":"ListItem","position":1,"name":"Home","item":"https:\/\/www.hotelaristoncaorle.it\/de"},{"@type":"ListItem","position":2,"name":"FAQ"}]},{"@type":"WebSite","@id":"https:\/\/www.hotelaristoncaorle.it\/#website","url":"https:\/\/www.hotelaristoncaorle.it\/","name":"Hotel Ariston Caorle","description":"","publisher":{"@id":"https:\/\/www.hotelaristoncaorle.it\/#organization"},"potentialAction":[{"@type":"SearchAction","target":{"@type":"EntryPoint","urlTemplate":"https:\/\/www.hotelaristoncaorle.it\/?s={search_term_string}"},"query-input":{"@type":"PropertyValueSpecification","valueRequired":true,"valueName":"search_term_string"}}],"inLanguage":"de"},{"@type":"Organization","@id":"https:\/\/www.hotelaristoncaorle.it\/#organization","name":"Hotel Ariston Caorle","url":"https:\/\/www.hotelaristoncaorle.it\/","logo":{"@type":"ImageObject","inLanguage":"de","@id":"https:\/\/www.hotelaristoncaorle.it\/#\/schema\/logo\/image\/","url":"https:\/\/www.hotelaristoncaorle.it\/wp-content\/uploads\/2022\/07\/logo_email.svg","contentUrl":"https:\/\/www.hotelaristoncaorle.it\/wp-content\/uploads\/2022\/07\/logo_email.svg","width":51,"height":52,"caption":"Hotel Ariston Caorle"},"image":{"@id":"https:\/\/www.hotelaristoncaorle.it\/#\/schema\/logo\/image\/"}}]}},"_links":{"self":[{"href":"https:\/\/www.hotelaristoncaorle.it\/de\/wp-json\/wp\/v2\/pages\/2675","targetHints":{"allow":["GET"]}}],"collection":[{"href":"https:\/\/www.hotelaristoncaorle.it\/de\/wp-json\/wp\/v2\/pages"}],"about":[{"href":"https:\/\/www.hotelaristoncaorle.it\/de\/wp-json\/wp\/v2\/types\/page"}],"author":[{"embeddable":true,"href":"https:\/\/www.hotelaristoncaorle.it\/de\/wp-json\/wp\/v2\/users\/1"}],"replies":[{"embeddable":true,"href":"https:\/\/www.hotelaristoncaorle.it\/de\/wp-json\/wp\/v2\/comments?post=2675"}],"version-history":[{"count":1,"href":"https:\/\/www.hotelaristoncaorle.it\/de\/wp-json\/wp\/v2\/pages\/2675\/revisions"}],"predecessor-version":[{"id":2676,"href":"https:\/\/www.hotelaristoncaorle.it\/de\/wp-json\/wp\/v2\/pages\/2675\/revisions\/2676"}],"wp:attachment":[{"href":"https:\/\/www.hotelaristoncaorle.it\/de\/wp-json\/wp\/v2\/media?parent=2675"}],"curies":[{"name":"wp","href":"https:\/\/api.w.org\/{rel}","templated":true}]}}