{"id":2503,"date":"2024-11-08T09:52:57","date_gmt":"2024-11-08T08:52:57","guid":{"rendered":"https:\/\/www.hotelaristoncaorle.it\/?page_id=2503"},"modified":"2024-11-08T09:53:00","modified_gmt":"2024-11-08T08:53:00","slug":"classic-mit-seitlichem-meerblick","status":"publish","type":"page","link":"https:\/\/www.hotelaristoncaorle.it\/de\/zimmer\/classic-mit-seitlichem-meerblick","title":{"rendered":"Classic mit seitlichem Meerblick"},"content":{"rendered":"\n<p>Diese Zimmer bieten <strong>einfache Einrichtung<\/strong> und <strong>heimelige R\u00e4ume<\/strong>, die bestens f\u00fcr <strong>zwei Erwachsene<\/strong> oder ein <strong>Paar mit Baby<\/strong> geeignet sind. Denn zum <strong>Doppelbett<\/strong> kann ein <strong>Gitterbett<\/strong> hinzugef\u00fcgt werden. Vom <strong>Balkon<\/strong> kann man einen sch\u00f6nen <strong>seitlichen Meerblick<\/strong> genie\u00dfen.<\/p>\n","protected":false},"excerpt":{"rendered":"<p>Diese Zimmer bieten einfache Einrichtung und heimelige R\u00e4ume, die bestens f\u00fcr zwei Erwachsene oder ein Paar mit Baby geeignet sind. Denn zum Doppelbett kann ein Gitterbett hinzugef\u00fcgt werden. Vom Balkon kann man einen sch\u00f6nen seitlichen Meerblick genie\u00dfen.<\/p>\n","protected":false},"author":1,"featured_media":0,"parent":1326,"menu_order":0,"comment_status":"closed","ping_status":"closed","template":"page-templates\/dettaglio_camera.php","meta":{"_acf_changed":false,"inline_featured_image":false,"footnotes":""},"class_list":["post-2503","page","type-page","status-publish","hentry"],"acf":[],"yoast_head":"<!-- This site is optimized with the Yoast SEO plugin v27.0 - https:\/\/yoast.com\/product\/yoast-seo-wordpress\/ -->\n<title>Classic mit seitlichem Meerblick - Hotel Ariston Caorle<\/title>\n<meta name=\"robots\" content=\"index, follow, max-snippet:-1, max-image-preview:large, max-video-preview:-1\" \/>\n<link rel=\"canonical\" href=\"https:\/\/www.hotelaristoncaorle.it\/de\/zimmer\/classic-mit-seitlichem-meerblick\" \/>\n<meta property=\"og:locale\" content=\"de_DE\" \/>\n<meta property=\"og:type\" content=\"article\" \/>\n<meta property=\"og:title\" content=\"Classic mit seitlichem Meerblick - Hotel Ariston Caorle\" \/>\n<meta property=\"og:description\" content=\"Diese Zimmer bieten einfache Einrichtung und heimelige R\u00e4ume, die bestens f\u00fcr zwei Erwachsene oder ein Paar mit Baby geeignet sind. Denn zum Doppelbett kann ein Gitterbett hinzugef\u00fcgt werden. Vom Balkon kann man einen sch\u00f6nen seitlichen Meerblick genie\u00dfen.\" \/>\n<meta property=\"og:url\" content=\"https:\/\/www.hotelaristoncaorle.it\/de\/zimmer\/classic-mit-seitlichem-meerblick\" \/>\n<meta property=\"og:site_name\" content=\"Hotel Ariston Caorle\" \/>\n<meta property=\"article:modified_time\" content=\"2024-11-08T08:53:00+00:00\" \/>\n<meta name=\"twitter:card\" content=\"summary_large_image\" \/>\n<meta name=\"twitter:label1\" content=\"Gesch\u00e4tzte Lesezeit\" \/>\n\t<meta name=\"twitter:data1\" content=\"1\u00a0Minute\" \/>\n<script type=\"application\/ld+json\" class=\"yoast-schema-graph\">{\"@context\":\"https:\/\/schema.org\",\"@graph\":[{\"@type\":\"WebPage\",\"@id\":\"https:\/\/www.hotelaristoncaorle.it\/de\/zimmer\/classic-mit-seitlichem-meerblick\",\"url\":\"https:\/\/www.hotelaristoncaorle.it\/de\/zimmer\/classic-mit-seitlichem-meerblick\",\"name\":\"Classic mit seitlichem Meerblick - Hotel Ariston Caorle\",\"isPartOf\":{\"@id\":\"https:\/\/www.hotelaristoncaorle.it\/#website\"},\"datePublished\":\"2024-11-08T08:52:57+00:00\",\"dateModified\":\"2024-11-08T08:53:00+00:00\",\"breadcrumb\":{\"@id\":\"https:\/\/www.hotelaristoncaorle.it\/de\/zimmer\/classic-mit-seitlichem-meerblick#breadcrumb\"},\"inLanguage\":\"de\",\"potentialAction\":[{\"@type\":\"ReadAction\",\"target\":[\"https:\/\/www.hotelaristoncaorle.it\/de\/zimmer\/classic-mit-seitlichem-meerblick\"]}]},{\"@type\":\"BreadcrumbList\",\"@id\":\"https:\/\/www.hotelaristoncaorle.it\/de\/zimmer\/classic-mit-seitlichem-meerblick#breadcrumb\",\"itemListElement\":[{\"@type\":\"ListItem\",\"position\":1,\"name\":\"Home\",\"item\":\"https:\/\/www.hotelaristoncaorle.it\/de\"},{\"@type\":\"ListItem\",\"position\":2,\"name\":\"Zimmer und Suiten\",\"item\":\"https:\/\/www.hotelaristoncaorle.it\/de\/zimmer\"},{\"@type\":\"ListItem\",\"position\":3,\"name\":\"Classic mit seitlichem Meerblick\"}]},{\"@type\":\"WebSite\",\"@id\":\"https:\/\/www.hotelaristoncaorle.it\/#website\",\"url\":\"https:\/\/www.hotelaristoncaorle.it\/\",\"name\":\"Hotel Ariston Caorle\",\"description\":\"\",\"publisher\":{\"@id\":\"https:\/\/www.hotelaristoncaorle.it\/#organization\"},\"potentialAction\":[{\"@type\":\"SearchAction\",\"target\":{\"@type\":\"EntryPoint\",\"urlTemplate\":\"https:\/\/www.hotelaristoncaorle.it\/?s={search_term_string}\"},\"query-input\":{\"@type\":\"PropertyValueSpecification\",\"valueRequired\":true,\"valueName\":\"search_term_string\"}}],\"inLanguage\":\"de\"},{\"@type\":\"Organization\",\"@id\":\"https:\/\/www.hotelaristoncaorle.it\/#organization\",\"name\":\"Hotel Ariston Caorle\",\"url\":\"https:\/\/www.hotelaristoncaorle.it\/\",\"logo\":{\"@type\":\"ImageObject\",\"inLanguage\":\"de\",\"@id\":\"https:\/\/www.hotelaristoncaorle.it\/#\/schema\/logo\/image\/\",\"url\":\"https:\/\/www.hotelaristoncaorle.it\/wp-content\/uploads\/2022\/07\/logo_email.svg\",\"contentUrl\":\"https:\/\/www.hotelaristoncaorle.it\/wp-content\/uploads\/2022\/07\/logo_email.svg\",\"width\":51,\"height\":52,\"caption\":\"Hotel Ariston Caorle\"},\"image\":{\"@id\":\"https:\/\/www.hotelaristoncaorle.it\/#\/schema\/logo\/image\/\"}}]}<\/script>\n<!-- \/ Yoast SEO plugin. -->","yoast_head_json":{"title":"Classic mit seitlichem Meerblick - Hotel Ariston Caorle","robots":{"index":"index","follow":"follow","max-snippet":"max-snippet:-1","max-image-preview":"max-image-preview:large","max-video-preview":"max-video-preview:-1"},"canonical":"https:\/\/www.hotelaristoncaorle.it\/de\/zimmer\/classic-mit-seitlichem-meerblick","og_locale":"de_DE","og_type":"article","og_title":"Classic mit seitlichem Meerblick - Hotel Ariston Caorle","og_description":"Diese Zimmer bieten einfache Einrichtung und heimelige R\u00e4ume, die bestens f\u00fcr zwei Erwachsene oder ein Paar mit Baby geeignet sind. Denn zum Doppelbett kann ein Gitterbett hinzugef\u00fcgt werden. Vom Balkon kann man einen sch\u00f6nen seitlichen Meerblick genie\u00dfen.","og_url":"https:\/\/www.hotelaristoncaorle.it\/de\/zimmer\/classic-mit-seitlichem-meerblick","og_site_name":"Hotel Ariston Caorle","article_modified_time":"2024-11-08T08:53:00+00:00","twitter_card":"summary_large_image","twitter_misc":{"Gesch\u00e4tzte Lesezeit":"1\u00a0Minute"},"schema":{"@context":"https:\/\/schema.org","@graph":[{"@type":"WebPage","@id":"https:\/\/www.hotelaristoncaorle.it\/de\/zimmer\/classic-mit-seitlichem-meerblick","url":"https:\/\/www.hotelaristoncaorle.it\/de\/zimmer\/classic-mit-seitlichem-meerblick","name":"Classic mit seitlichem Meerblick - Hotel Ariston Caorle","isPartOf":{"@id":"https:\/\/www.hotelaristoncaorle.it\/#website"},"datePublished":"2024-11-08T08:52:57+00:00","dateModified":"2024-11-08T08:53:00+00:00","breadcrumb":{"@id":"https:\/\/www.hotelaristoncaorle.it\/de\/zimmer\/classic-mit-seitlichem-meerblick#breadcrumb"},"inLanguage":"de","potentialAction":[{"@type":"ReadAction","target":["https:\/\/www.hotelaristoncaorle.it\/de\/zimmer\/classic-mit-seitlichem-meerblick"]}]},{"@type":"BreadcrumbList","@id":"https:\/\/www.hotelaristoncaorle.it\/de\/zimmer\/classic-mit-seitlichem-meerblick#breadcrumb","itemListElement":[{"@type":"ListItem","position":1,"name":"Home","item":"https:\/\/www.hotelaristoncaorle.it\/de"},{"@type":"ListItem","position":2,"name":"Zimmer und Suiten","item":"https:\/\/www.hotelaristoncaorle.it\/de\/zimmer"},{"@type":"ListItem","position":3,"name":"Classic mit seitlichem Meerblick"}]},{"@type":"WebSite","@id":"https:\/\/www.hotelaristoncaorle.it\/#website","url":"https:\/\/www.hotelaristoncaorle.it\/","name":"Hotel Ariston Caorle","description":"","publisher":{"@id":"https:\/\/www.hotelaristoncaorle.it\/#organization"},"potentialAction":[{"@type":"SearchAction","target":{"@type":"EntryPoint","urlTemplate":"https:\/\/www.hotelaristoncaorle.it\/?s={search_term_string}"},"query-input":{"@type":"PropertyValueSpecification","valueRequired":true,"valueName":"search_term_string"}}],"inLanguage":"de"},{"@type":"Organization","@id":"https:\/\/www.hotelaristoncaorle.it\/#organization","name":"Hotel Ariston Caorle","url":"https:\/\/www.hotelaristoncaorle.it\/","logo":{"@type":"ImageObject","inLanguage":"de","@id":"https:\/\/www.hotelaristoncaorle.it\/#\/schema\/logo\/image\/","url":"https:\/\/www.hotelaristoncaorle.it\/wp-content\/uploads\/2022\/07\/logo_email.svg","contentUrl":"https:\/\/www.hotelaristoncaorle.it\/wp-content\/uploads\/2022\/07\/logo_email.svg","width":51,"height":52,"caption":"Hotel Ariston Caorle"},"image":{"@id":"https:\/\/www.hotelaristoncaorle.it\/#\/schema\/logo\/image\/"}}]}},"_links":{"self":[{"href":"https:\/\/www.hotelaristoncaorle.it\/de\/wp-json\/wp\/v2\/pages\/2503","targetHints":{"allow":["GET"]}}],"collection":[{"href":"https:\/\/www.hotelaristoncaorle.it\/de\/wp-json\/wp\/v2\/pages"}],"about":[{"href":"https:\/\/www.hotelaristoncaorle.it\/de\/wp-json\/wp\/v2\/types\/page"}],"author":[{"embeddable":true,"href":"https:\/\/www.hotelaristoncaorle.it\/de\/wp-json\/wp\/v2\/users\/1"}],"replies":[{"embeddable":true,"href":"https:\/\/www.hotelaristoncaorle.it\/de\/wp-json\/wp\/v2\/comments?post=2503"}],"version-history":[{"count":1,"href":"https:\/\/www.hotelaristoncaorle.it\/de\/wp-json\/wp\/v2\/pages\/2503\/revisions"}],"predecessor-version":[{"id":2504,"href":"https:\/\/www.hotelaristoncaorle.it\/de\/wp-json\/wp\/v2\/pages\/2503\/revisions\/2504"}],"up":[{"embeddable":true,"href":"https:\/\/www.hotelaristoncaorle.it\/de\/wp-json\/wp\/v2\/pages\/1326"}],"wp:attachment":[{"href":"https:\/\/www.hotelaristoncaorle.it\/de\/wp-json\/wp\/v2\/media?parent=2503"}],"curies":[{"name":"wp","href":"https:\/\/api.w.org\/{rel}","templated":true}]}}