{"id":2499,"date":"2024-11-08T09:46:50","date_gmt":"2024-11-08T08:46:50","guid":{"rendered":"https:\/\/www.hotelaristoncaorle.it\/?page_id=2499"},"modified":"2024-11-08T09:46:52","modified_gmt":"2024-11-08T08:46:52","slug":"classic-doppelzimmer","status":"publish","type":"page","link":"https:\/\/www.hotelaristoncaorle.it\/de\/zimmer\/classic-doppelzimmer","title":{"rendered":"Classic Doppelzimmer"},"content":{"rendered":"\n<p>Die Classic Doppelzimmer sind gem\u00fctlich, hell und komfortabel und garantieren auch ein <strong>optimales Preis-\/Leistungsverh\u00e4ltnis<\/strong>. Sie sind f\u00fcr ein <strong>Paar<\/strong> oder f\u00fcr <strong>drei Personen<\/strong> geeignet und bieten auch einen <strong>Balkon<\/strong>.<\/p>\n","protected":false},"excerpt":{"rendered":"<p>Die Classic Doppelzimmer sind gem\u00fctlich, hell und komfortabel und garantieren auch ein optimales Preis-\/Leistungsverh\u00e4ltnis. Sie sind f\u00fcr ein Paar oder f\u00fcr drei Personen geeignet und bieten auch einen Balkon.<\/p>\n","protected":false},"author":1,"featured_media":0,"parent":1326,"menu_order":0,"comment_status":"closed","ping_status":"closed","template":"page-templates\/dettaglio_camera.php","meta":{"_acf_changed":false,"inline_featured_image":false,"footnotes":""},"class_list":["post-2499","page","type-page","status-publish","hentry"],"acf":[],"yoast_head":"<!-- This site is optimized with the Yoast SEO plugin v27.0 - https:\/\/yoast.com\/product\/yoast-seo-wordpress\/ -->\n<title>Classic Doppelzimmer - Hotel Ariston Caorle<\/title>\n<meta name=\"robots\" content=\"index, follow, max-snippet:-1, max-image-preview:large, max-video-preview:-1\" \/>\n<link rel=\"canonical\" href=\"https:\/\/www.hotelaristoncaorle.it\/de\/zimmer\/classic-doppelzimmer\" \/>\n<meta property=\"og:locale\" content=\"de_DE\" \/>\n<meta property=\"og:type\" content=\"article\" \/>\n<meta property=\"og:title\" content=\"Classic Doppelzimmer - Hotel Ariston Caorle\" \/>\n<meta property=\"og:description\" content=\"Die Classic Doppelzimmer sind gem\u00fctlich, hell und komfortabel und garantieren auch ein optimales Preis-\/Leistungsverh\u00e4ltnis. Sie sind f\u00fcr ein Paar oder f\u00fcr drei Personen geeignet und bieten auch einen Balkon.\" \/>\n<meta property=\"og:url\" content=\"https:\/\/www.hotelaristoncaorle.it\/de\/zimmer\/classic-doppelzimmer\" \/>\n<meta property=\"og:site_name\" content=\"Hotel Ariston Caorle\" \/>\n<meta property=\"article:modified_time\" content=\"2024-11-08T08:46:52+00:00\" \/>\n<meta name=\"twitter:card\" content=\"summary_large_image\" \/>\n<meta name=\"twitter:label1\" content=\"Gesch\u00e4tzte Lesezeit\" \/>\n\t<meta name=\"twitter:data1\" content=\"1\u00a0Minute\" \/>\n<script type=\"application\/ld+json\" class=\"yoast-schema-graph\">{\"@context\":\"https:\/\/schema.org\",\"@graph\":[{\"@type\":\"WebPage\",\"@id\":\"https:\/\/www.hotelaristoncaorle.it\/de\/zimmer\/classic-doppelzimmer\",\"url\":\"https:\/\/www.hotelaristoncaorle.it\/de\/zimmer\/classic-doppelzimmer\",\"name\":\"Classic Doppelzimmer - Hotel Ariston Caorle\",\"isPartOf\":{\"@id\":\"https:\/\/www.hotelaristoncaorle.it\/#website\"},\"datePublished\":\"2024-11-08T08:46:50+00:00\",\"dateModified\":\"2024-11-08T08:46:52+00:00\",\"breadcrumb\":{\"@id\":\"https:\/\/www.hotelaristoncaorle.it\/de\/zimmer\/classic-doppelzimmer#breadcrumb\"},\"inLanguage\":\"de\",\"potentialAction\":[{\"@type\":\"ReadAction\",\"target\":[\"https:\/\/www.hotelaristoncaorle.it\/de\/zimmer\/classic-doppelzimmer\"]}]},{\"@type\":\"BreadcrumbList\",\"@id\":\"https:\/\/www.hotelaristoncaorle.it\/de\/zimmer\/classic-doppelzimmer#breadcrumb\",\"itemListElement\":[{\"@type\":\"ListItem\",\"position\":1,\"name\":\"Home\",\"item\":\"https:\/\/www.hotelaristoncaorle.it\/de\"},{\"@type\":\"ListItem\",\"position\":2,\"name\":\"Zimmer und Suiten\",\"item\":\"https:\/\/www.hotelaristoncaorle.it\/de\/zimmer\"},{\"@type\":\"ListItem\",\"position\":3,\"name\":\"Classic Doppelzimmer\"}]},{\"@type\":\"WebSite\",\"@id\":\"https:\/\/www.hotelaristoncaorle.it\/#website\",\"url\":\"https:\/\/www.hotelaristoncaorle.it\/\",\"name\":\"Hotel Ariston Caorle\",\"description\":\"\",\"publisher\":{\"@id\":\"https:\/\/www.hotelaristoncaorle.it\/#organization\"},\"potentialAction\":[{\"@type\":\"SearchAction\",\"target\":{\"@type\":\"EntryPoint\",\"urlTemplate\":\"https:\/\/www.hotelaristoncaorle.it\/?s={search_term_string}\"},\"query-input\":{\"@type\":\"PropertyValueSpecification\",\"valueRequired\":true,\"valueName\":\"search_term_string\"}}],\"inLanguage\":\"de\"},{\"@type\":\"Organization\",\"@id\":\"https:\/\/www.hotelaristoncaorle.it\/#organization\",\"name\":\"Hotel Ariston Caorle\",\"url\":\"https:\/\/www.hotelaristoncaorle.it\/\",\"logo\":{\"@type\":\"ImageObject\",\"inLanguage\":\"de\",\"@id\":\"https:\/\/www.hotelaristoncaorle.it\/#\/schema\/logo\/image\/\",\"url\":\"https:\/\/www.hotelaristoncaorle.it\/wp-content\/uploads\/2022\/07\/logo_email.svg\",\"contentUrl\":\"https:\/\/www.hotelaristoncaorle.it\/wp-content\/uploads\/2022\/07\/logo_email.svg\",\"width\":51,\"height\":52,\"caption\":\"Hotel Ariston Caorle\"},\"image\":{\"@id\":\"https:\/\/www.hotelaristoncaorle.it\/#\/schema\/logo\/image\/\"}}]}<\/script>\n<!-- \/ Yoast SEO plugin. -->","yoast_head_json":{"title":"Classic Doppelzimmer - Hotel Ariston Caorle","robots":{"index":"index","follow":"follow","max-snippet":"max-snippet:-1","max-image-preview":"max-image-preview:large","max-video-preview":"max-video-preview:-1"},"canonical":"https:\/\/www.hotelaristoncaorle.it\/de\/zimmer\/classic-doppelzimmer","og_locale":"de_DE","og_type":"article","og_title":"Classic Doppelzimmer - Hotel Ariston Caorle","og_description":"Die Classic Doppelzimmer sind gem\u00fctlich, hell und komfortabel und garantieren auch ein optimales Preis-\/Leistungsverh\u00e4ltnis. Sie sind f\u00fcr ein Paar oder f\u00fcr drei Personen geeignet und bieten auch einen Balkon.","og_url":"https:\/\/www.hotelaristoncaorle.it\/de\/zimmer\/classic-doppelzimmer","og_site_name":"Hotel Ariston Caorle","article_modified_time":"2024-11-08T08:46:52+00:00","twitter_card":"summary_large_image","twitter_misc":{"Gesch\u00e4tzte Lesezeit":"1\u00a0Minute"},"schema":{"@context":"https:\/\/schema.org","@graph":[{"@type":"WebPage","@id":"https:\/\/www.hotelaristoncaorle.it\/de\/zimmer\/classic-doppelzimmer","url":"https:\/\/www.hotelaristoncaorle.it\/de\/zimmer\/classic-doppelzimmer","name":"Classic Doppelzimmer - Hotel Ariston Caorle","isPartOf":{"@id":"https:\/\/www.hotelaristoncaorle.it\/#website"},"datePublished":"2024-11-08T08:46:50+00:00","dateModified":"2024-11-08T08:46:52+00:00","breadcrumb":{"@id":"https:\/\/www.hotelaristoncaorle.it\/de\/zimmer\/classic-doppelzimmer#breadcrumb"},"inLanguage":"de","potentialAction":[{"@type":"ReadAction","target":["https:\/\/www.hotelaristoncaorle.it\/de\/zimmer\/classic-doppelzimmer"]}]},{"@type":"BreadcrumbList","@id":"https:\/\/www.hotelaristoncaorle.it\/de\/zimmer\/classic-doppelzimmer#breadcrumb","itemListElement":[{"@type":"ListItem","position":1,"name":"Home","item":"https:\/\/www.hotelaristoncaorle.it\/de"},{"@type":"ListItem","position":2,"name":"Zimmer und Suiten","item":"https:\/\/www.hotelaristoncaorle.it\/de\/zimmer"},{"@type":"ListItem","position":3,"name":"Classic Doppelzimmer"}]},{"@type":"WebSite","@id":"https:\/\/www.hotelaristoncaorle.it\/#website","url":"https:\/\/www.hotelaristoncaorle.it\/","name":"Hotel Ariston Caorle","description":"","publisher":{"@id":"https:\/\/www.hotelaristoncaorle.it\/#organization"},"potentialAction":[{"@type":"SearchAction","target":{"@type":"EntryPoint","urlTemplate":"https:\/\/www.hotelaristoncaorle.it\/?s={search_term_string}"},"query-input":{"@type":"PropertyValueSpecification","valueRequired":true,"valueName":"search_term_string"}}],"inLanguage":"de"},{"@type":"Organization","@id":"https:\/\/www.hotelaristoncaorle.it\/#organization","name":"Hotel Ariston Caorle","url":"https:\/\/www.hotelaristoncaorle.it\/","logo":{"@type":"ImageObject","inLanguage":"de","@id":"https:\/\/www.hotelaristoncaorle.it\/#\/schema\/logo\/image\/","url":"https:\/\/www.hotelaristoncaorle.it\/wp-content\/uploads\/2022\/07\/logo_email.svg","contentUrl":"https:\/\/www.hotelaristoncaorle.it\/wp-content\/uploads\/2022\/07\/logo_email.svg","width":51,"height":52,"caption":"Hotel Ariston Caorle"},"image":{"@id":"https:\/\/www.hotelaristoncaorle.it\/#\/schema\/logo\/image\/"}}]}},"_links":{"self":[{"href":"https:\/\/www.hotelaristoncaorle.it\/de\/wp-json\/wp\/v2\/pages\/2499","targetHints":{"allow":["GET"]}}],"collection":[{"href":"https:\/\/www.hotelaristoncaorle.it\/de\/wp-json\/wp\/v2\/pages"}],"about":[{"href":"https:\/\/www.hotelaristoncaorle.it\/de\/wp-json\/wp\/v2\/types\/page"}],"author":[{"embeddable":true,"href":"https:\/\/www.hotelaristoncaorle.it\/de\/wp-json\/wp\/v2\/users\/1"}],"replies":[{"embeddable":true,"href":"https:\/\/www.hotelaristoncaorle.it\/de\/wp-json\/wp\/v2\/comments?post=2499"}],"version-history":[{"count":1,"href":"https:\/\/www.hotelaristoncaorle.it\/de\/wp-json\/wp\/v2\/pages\/2499\/revisions"}],"predecessor-version":[{"id":2500,"href":"https:\/\/www.hotelaristoncaorle.it\/de\/wp-json\/wp\/v2\/pages\/2499\/revisions\/2500"}],"up":[{"embeddable":true,"href":"https:\/\/www.hotelaristoncaorle.it\/de\/wp-json\/wp\/v2\/pages\/1326"}],"wp:attachment":[{"href":"https:\/\/www.hotelaristoncaorle.it\/de\/wp-json\/wp\/v2\/media?parent=2499"}],"curies":[{"name":"wp","href":"https:\/\/api.w.org\/{rel}","templated":true}]}}