{"id":1347,"date":"2022-07-21T09:28:00","date_gmt":"2022-07-21T07:28:00","guid":{"rendered":"http:\/\/www.hotelaristoncaorle.it\/caorle-e-dintorni\/spas-fur-alle"},"modified":"2022-07-22T09:47:24","modified_gmt":"2022-07-22T07:47:24","slug":"freizeitparks","status":"publish","type":"page","link":"https:\/\/www.hotelaristoncaorle.it\/de\/caorle-und-umgebung\/freizeitparks","title":{"rendered":"Spa\u00df f\u00fcr alle"},"content":{"rendered":"\n<p>Suchen Sie <b>Vergn\u00fcgungsparks in Caorle und Umgebung<\/b> oder sind Sie ein Fan von <b>Veranstaltungen und Events<\/b>? Na, da haben Sie die Qual der Wahl: Bereiten Sie sich darauf vor, jeden Tag ein neues Abenteuer zu erleben!<\/p>\n","protected":false},"excerpt":{"rendered":"<p>Suchen Sie Vergn\u00fcgungsparks in Caorle und Umgebung oder sind Sie ein Fan von Veranstaltungen und Events? Na, da haben Sie die Qual der Wahl: Bereiten Sie sich darauf vor, jeden Tag ein neues Abenteuer zu erleben!<\/p>\n","protected":false},"author":1,"featured_media":0,"parent":1337,"menu_order":0,"comment_status":"closed","ping_status":"closed","template":"page-templates\/pagina_camere.php","meta":{"_acf_changed":false,"inline_featured_image":false,"footnotes":""},"class_list":["post-1347","page","type-page","status-publish","hentry"],"acf":[],"yoast_head":"<!-- This site is optimized with the Yoast SEO plugin v27.0 - https:\/\/yoast.com\/product\/yoast-seo-wordpress\/ -->\n<title>Hotel in der N\u00e4he des Wasserparks Aquafollie Caorle<\/title>\n<meta name=\"description\" content=\"Aquafollie ist ein gro\u00dfer Wasserpark f\u00fcr Familien in der N\u00e4he des Zentrum von Caorle und nur 2 km vom Hotel Ariston\" \/>\n<meta name=\"robots\" content=\"index, follow, max-snippet:-1, max-image-preview:large, max-video-preview:-1\" \/>\n<link rel=\"canonical\" href=\"https:\/\/www.hotelaristoncaorle.it\/de\/caorle-und-umgebung\/freizeitparks\" \/>\n<meta property=\"og:locale\" content=\"de_DE\" \/>\n<meta property=\"og:type\" content=\"article\" \/>\n<meta property=\"og:title\" content=\"Hotel in der N\u00e4he des Wasserparks Aquafollie Caorle\" \/>\n<meta property=\"og:description\" content=\"Aquafollie ist ein gro\u00dfer Wasserpark f\u00fcr Familien in der N\u00e4he des Zentrum von Caorle und nur 2 km vom Hotel Ariston\" \/>\n<meta property=\"og:url\" content=\"https:\/\/www.hotelaristoncaorle.it\/de\/caorle-und-umgebung\/freizeitparks\" \/>\n<meta property=\"og:site_name\" content=\"Hotel Ariston Caorle\" \/>\n<meta property=\"article:modified_time\" content=\"2022-07-22T07:47:24+00:00\" \/>\n<meta name=\"twitter:card\" content=\"summary_large_image\" \/>\n<meta name=\"twitter:label1\" content=\"Gesch\u00e4tzte Lesezeit\" \/>\n\t<meta name=\"twitter:data1\" content=\"1\u00a0Minute\" \/>\n<script type=\"application\/ld+json\" class=\"yoast-schema-graph\">{\"@context\":\"https:\/\/schema.org\",\"@graph\":[{\"@type\":\"WebPage\",\"@id\":\"https:\/\/www.hotelaristoncaorle.it\/de\/caorle-und-umgebung\/freizeitparks\",\"url\":\"https:\/\/www.hotelaristoncaorle.it\/de\/caorle-und-umgebung\/freizeitparks\",\"name\":\"Hotel in der N\u00e4he des Wasserparks Aquafollie Caorle\",\"isPartOf\":{\"@id\":\"https:\/\/www.hotelaristoncaorle.it\/#website\"},\"datePublished\":\"2022-07-21T07:28:00+00:00\",\"dateModified\":\"2022-07-22T07:47:24+00:00\",\"description\":\"Aquafollie ist ein gro\u00dfer Wasserpark f\u00fcr Familien in der N\u00e4he des Zentrum von Caorle und nur 2 km vom Hotel Ariston\",\"breadcrumb\":{\"@id\":\"https:\/\/www.hotelaristoncaorle.it\/de\/caorle-und-umgebung\/freizeitparks#breadcrumb\"},\"inLanguage\":\"de\",\"potentialAction\":[{\"@type\":\"ReadAction\",\"target\":[\"https:\/\/www.hotelaristoncaorle.it\/de\/caorle-und-umgebung\/freizeitparks\"]}]},{\"@type\":\"BreadcrumbList\",\"@id\":\"https:\/\/www.hotelaristoncaorle.it\/de\/caorle-und-umgebung\/freizeitparks#breadcrumb\",\"itemListElement\":[{\"@type\":\"ListItem\",\"position\":1,\"name\":\"Home\",\"item\":\"https:\/\/www.hotelaristoncaorle.it\/de\"},{\"@type\":\"ListItem\",\"position\":2,\"name\":\"Caorle und Umgebung\",\"item\":\"https:\/\/www.hotelaristoncaorle.it\/de\/caorle-und-umgebung\"},{\"@type\":\"ListItem\",\"position\":3,\"name\":\"Spa\u00df f\u00fcr alle\"}]},{\"@type\":\"WebSite\",\"@id\":\"https:\/\/www.hotelaristoncaorle.it\/#website\",\"url\":\"https:\/\/www.hotelaristoncaorle.it\/\",\"name\":\"Hotel Ariston Caorle\",\"description\":\"\",\"publisher\":{\"@id\":\"https:\/\/www.hotelaristoncaorle.it\/#organization\"},\"potentialAction\":[{\"@type\":\"SearchAction\",\"target\":{\"@type\":\"EntryPoint\",\"urlTemplate\":\"https:\/\/www.hotelaristoncaorle.it\/?s={search_term_string}\"},\"query-input\":{\"@type\":\"PropertyValueSpecification\",\"valueRequired\":true,\"valueName\":\"search_term_string\"}}],\"inLanguage\":\"de\"},{\"@type\":\"Organization\",\"@id\":\"https:\/\/www.hotelaristoncaorle.it\/#organization\",\"name\":\"Hotel Ariston Caorle\",\"url\":\"https:\/\/www.hotelaristoncaorle.it\/\",\"logo\":{\"@type\":\"ImageObject\",\"inLanguage\":\"de\",\"@id\":\"https:\/\/www.hotelaristoncaorle.it\/#\/schema\/logo\/image\/\",\"url\":\"https:\/\/www.hotelaristoncaorle.it\/wp-content\/uploads\/2022\/07\/logo_email.svg\",\"contentUrl\":\"https:\/\/www.hotelaristoncaorle.it\/wp-content\/uploads\/2022\/07\/logo_email.svg\",\"width\":51,\"height\":52,\"caption\":\"Hotel Ariston Caorle\"},\"image\":{\"@id\":\"https:\/\/www.hotelaristoncaorle.it\/#\/schema\/logo\/image\/\"}}]}<\/script>\n<!-- \/ Yoast SEO plugin. -->","yoast_head_json":{"title":"Hotel in der N\u00e4he des Wasserparks Aquafollie Caorle","description":"Aquafollie ist ein gro\u00dfer Wasserpark f\u00fcr Familien in der N\u00e4he des Zentrum von Caorle und nur 2 km vom Hotel Ariston","robots":{"index":"index","follow":"follow","max-snippet":"max-snippet:-1","max-image-preview":"max-image-preview:large","max-video-preview":"max-video-preview:-1"},"canonical":"https:\/\/www.hotelaristoncaorle.it\/de\/caorle-und-umgebung\/freizeitparks","og_locale":"de_DE","og_type":"article","og_title":"Hotel in der N\u00e4he des Wasserparks Aquafollie Caorle","og_description":"Aquafollie ist ein gro\u00dfer Wasserpark f\u00fcr Familien in der N\u00e4he des Zentrum von Caorle und nur 2 km vom Hotel Ariston","og_url":"https:\/\/www.hotelaristoncaorle.it\/de\/caorle-und-umgebung\/freizeitparks","og_site_name":"Hotel Ariston Caorle","article_modified_time":"2022-07-22T07:47:24+00:00","twitter_card":"summary_large_image","twitter_misc":{"Gesch\u00e4tzte Lesezeit":"1\u00a0Minute"},"schema":{"@context":"https:\/\/schema.org","@graph":[{"@type":"WebPage","@id":"https:\/\/www.hotelaristoncaorle.it\/de\/caorle-und-umgebung\/freizeitparks","url":"https:\/\/www.hotelaristoncaorle.it\/de\/caorle-und-umgebung\/freizeitparks","name":"Hotel in der N\u00e4he des Wasserparks Aquafollie Caorle","isPartOf":{"@id":"https:\/\/www.hotelaristoncaorle.it\/#website"},"datePublished":"2022-07-21T07:28:00+00:00","dateModified":"2022-07-22T07:47:24+00:00","description":"Aquafollie ist ein gro\u00dfer Wasserpark f\u00fcr Familien in der N\u00e4he des Zentrum von Caorle und nur 2 km vom Hotel Ariston","breadcrumb":{"@id":"https:\/\/www.hotelaristoncaorle.it\/de\/caorle-und-umgebung\/freizeitparks#breadcrumb"},"inLanguage":"de","potentialAction":[{"@type":"ReadAction","target":["https:\/\/www.hotelaristoncaorle.it\/de\/caorle-und-umgebung\/freizeitparks"]}]},{"@type":"BreadcrumbList","@id":"https:\/\/www.hotelaristoncaorle.it\/de\/caorle-und-umgebung\/freizeitparks#breadcrumb","itemListElement":[{"@type":"ListItem","position":1,"name":"Home","item":"https:\/\/www.hotelaristoncaorle.it\/de"},{"@type":"ListItem","position":2,"name":"Caorle und Umgebung","item":"https:\/\/www.hotelaristoncaorle.it\/de\/caorle-und-umgebung"},{"@type":"ListItem","position":3,"name":"Spa\u00df f\u00fcr alle"}]},{"@type":"WebSite","@id":"https:\/\/www.hotelaristoncaorle.it\/#website","url":"https:\/\/www.hotelaristoncaorle.it\/","name":"Hotel Ariston Caorle","description":"","publisher":{"@id":"https:\/\/www.hotelaristoncaorle.it\/#organization"},"potentialAction":[{"@type":"SearchAction","target":{"@type":"EntryPoint","urlTemplate":"https:\/\/www.hotelaristoncaorle.it\/?s={search_term_string}"},"query-input":{"@type":"PropertyValueSpecification","valueRequired":true,"valueName":"search_term_string"}}],"inLanguage":"de"},{"@type":"Organization","@id":"https:\/\/www.hotelaristoncaorle.it\/#organization","name":"Hotel Ariston Caorle","url":"https:\/\/www.hotelaristoncaorle.it\/","logo":{"@type":"ImageObject","inLanguage":"de","@id":"https:\/\/www.hotelaristoncaorle.it\/#\/schema\/logo\/image\/","url":"https:\/\/www.hotelaristoncaorle.it\/wp-content\/uploads\/2022\/07\/logo_email.svg","contentUrl":"https:\/\/www.hotelaristoncaorle.it\/wp-content\/uploads\/2022\/07\/logo_email.svg","width":51,"height":52,"caption":"Hotel Ariston Caorle"},"image":{"@id":"https:\/\/www.hotelaristoncaorle.it\/#\/schema\/logo\/image\/"}}]}},"_links":{"self":[{"href":"https:\/\/www.hotelaristoncaorle.it\/de\/wp-json\/wp\/v2\/pages\/1347","targetHints":{"allow":["GET"]}}],"collection":[{"href":"https:\/\/www.hotelaristoncaorle.it\/de\/wp-json\/wp\/v2\/pages"}],"about":[{"href":"https:\/\/www.hotelaristoncaorle.it\/de\/wp-json\/wp\/v2\/types\/page"}],"author":[{"embeddable":true,"href":"https:\/\/www.hotelaristoncaorle.it\/de\/wp-json\/wp\/v2\/users\/1"}],"replies":[{"embeddable":true,"href":"https:\/\/www.hotelaristoncaorle.it\/de\/wp-json\/wp\/v2\/comments?post=1347"}],"version-history":[{"count":1,"href":"https:\/\/www.hotelaristoncaorle.it\/de\/wp-json\/wp\/v2\/pages\/1347\/revisions"}],"predecessor-version":[{"id":1363,"href":"https:\/\/www.hotelaristoncaorle.it\/de\/wp-json\/wp\/v2\/pages\/1347\/revisions\/1363"}],"up":[{"embeddable":true,"href":"https:\/\/www.hotelaristoncaorle.it\/de\/wp-json\/wp\/v2\/pages\/1337"}],"wp:attachment":[{"href":"https:\/\/www.hotelaristoncaorle.it\/de\/wp-json\/wp\/v2\/media?parent=1347"}],"curies":[{"name":"wp","href":"https:\/\/api.w.org\/{rel}","templated":true}]}}