{"id":1337,"date":"2022-07-21T09:27:58","date_gmt":"2022-07-21T07:27:58","guid":{"rendered":"http:\/\/www.hotelaristoncaorle.it\/caorle-und-umgebung"},"modified":"2022-07-22T09:27:26","modified_gmt":"2022-07-22T07:27:26","slug":"caorle-und-umgebung","status":"publish","type":"page","link":"https:\/\/www.hotelaristoncaorle.it\/de\/caorle-und-umgebung","title":{"rendered":"Caorle und Umgebung"},"content":{"rendered":"\n<p>Sie kommen <b>nach Caorle und tauchen in die Geschichte ein<\/b>: 2000 Jahre zeitloser Charme f\u00fcr dieses <b>vielseitige Fischerdorf<\/b>, das in die Reflexe der Lagune sowie unber\u00fchrte Natur versunken ist und zahlreiche <b>Unterhaltungsm\u00f6glichkeiten f\u00fcr jedes Alter bietet<\/b>. Eine <b>Autostunde entfernt von Venedig<\/b>.<\/p>\n","protected":false},"excerpt":{"rendered":"<p>Sie kommen nach Caorle und tauchen in die Geschichte ein: 2000 Jahre zeitloser Charme f\u00fcr dieses vielseitige Fischerdorf, das in die Reflexe der Lagune sowie unber\u00fchrte Natur versunken ist und zahlreiche Unterhaltungsm\u00f6glichkeiten f\u00fcr jedes Alter bietet. Eine Autostunde entfernt von Venedig.<\/p>\n","protected":false},"author":1,"featured_media":0,"parent":0,"menu_order":0,"comment_status":"closed","ping_status":"closed","template":"page-templates\/pagina_camere.php","meta":{"_acf_changed":false,"inline_featured_image":false,"footnotes":""},"class_list":["post-1337","page","type-page","status-publish","hentry"],"acf":[],"yoast_head":"<!-- This site is optimized with the Yoast SEO plugin v27.0 - https:\/\/yoast.com\/product\/yoast-seo-wordpress\/ -->\n<title>Strandurlaub in Caorle und Umgebung in der N\u00e4he von Venedig<\/title>\n<meta name=\"description\" content=\"Von Caorle k\u00f6nnen Sie nach Venedig mit dem Boot, mit dem Zug, dem Auto oder Bus. Finden Sie heraus, wie man dort erh\u00e4lt und was zu besuchen!\" \/>\n<meta name=\"robots\" content=\"index, follow, max-snippet:-1, max-image-preview:large, max-video-preview:-1\" \/>\n<link rel=\"canonical\" href=\"https:\/\/www.hotelaristoncaorle.it\/de\/caorle-und-umgebung\" \/>\n<meta property=\"og:locale\" content=\"de_DE\" \/>\n<meta property=\"og:type\" content=\"article\" \/>\n<meta property=\"og:title\" content=\"Strandurlaub in Caorle und Umgebung in der N\u00e4he von Venedig\" \/>\n<meta property=\"og:description\" content=\"Von Caorle k\u00f6nnen Sie nach Venedig mit dem Boot, mit dem Zug, dem Auto oder Bus. Finden Sie heraus, wie man dort erh\u00e4lt und was zu besuchen!\" \/>\n<meta property=\"og:url\" content=\"https:\/\/www.hotelaristoncaorle.it\/de\/caorle-und-umgebung\" \/>\n<meta property=\"og:site_name\" content=\"Hotel Ariston Caorle\" \/>\n<meta property=\"article:modified_time\" content=\"2022-07-22T07:27:26+00:00\" \/>\n<meta name=\"twitter:card\" content=\"summary_large_image\" \/>\n<meta name=\"twitter:label1\" content=\"Gesch\u00e4tzte Lesezeit\" \/>\n\t<meta name=\"twitter:data1\" content=\"1\u00a0Minute\" \/>\n<script type=\"application\/ld+json\" class=\"yoast-schema-graph\">{\"@context\":\"https:\/\/schema.org\",\"@graph\":[{\"@type\":\"WebPage\",\"@id\":\"https:\/\/www.hotelaristoncaorle.it\/de\/caorle-und-umgebung\",\"url\":\"https:\/\/www.hotelaristoncaorle.it\/de\/caorle-und-umgebung\",\"name\":\"Strandurlaub in Caorle und Umgebung in der N\u00e4he von Venedig\",\"isPartOf\":{\"@id\":\"https:\/\/www.hotelaristoncaorle.it\/#website\"},\"datePublished\":\"2022-07-21T07:27:58+00:00\",\"dateModified\":\"2022-07-22T07:27:26+00:00\",\"description\":\"Von Caorle k\u00f6nnen Sie nach Venedig mit dem Boot, mit dem Zug, dem Auto oder Bus. Finden Sie heraus, wie man dort erh\u00e4lt und was zu besuchen!\",\"breadcrumb\":{\"@id\":\"https:\/\/www.hotelaristoncaorle.it\/de\/caorle-und-umgebung#breadcrumb\"},\"inLanguage\":\"de\",\"potentialAction\":[{\"@type\":\"ReadAction\",\"target\":[\"https:\/\/www.hotelaristoncaorle.it\/de\/caorle-und-umgebung\"]}]},{\"@type\":\"BreadcrumbList\",\"@id\":\"https:\/\/www.hotelaristoncaorle.it\/de\/caorle-und-umgebung#breadcrumb\",\"itemListElement\":[{\"@type\":\"ListItem\",\"position\":1,\"name\":\"Home\",\"item\":\"https:\/\/www.hotelaristoncaorle.it\/de\"},{\"@type\":\"ListItem\",\"position\":2,\"name\":\"Caorle und Umgebung\"}]},{\"@type\":\"WebSite\",\"@id\":\"https:\/\/www.hotelaristoncaorle.it\/#website\",\"url\":\"https:\/\/www.hotelaristoncaorle.it\/\",\"name\":\"Hotel Ariston Caorle\",\"description\":\"\",\"publisher\":{\"@id\":\"https:\/\/www.hotelaristoncaorle.it\/#organization\"},\"potentialAction\":[{\"@type\":\"SearchAction\",\"target\":{\"@type\":\"EntryPoint\",\"urlTemplate\":\"https:\/\/www.hotelaristoncaorle.it\/?s={search_term_string}\"},\"query-input\":{\"@type\":\"PropertyValueSpecification\",\"valueRequired\":true,\"valueName\":\"search_term_string\"}}],\"inLanguage\":\"de\"},{\"@type\":\"Organization\",\"@id\":\"https:\/\/www.hotelaristoncaorle.it\/#organization\",\"name\":\"Hotel Ariston Caorle\",\"url\":\"https:\/\/www.hotelaristoncaorle.it\/\",\"logo\":{\"@type\":\"ImageObject\",\"inLanguage\":\"de\",\"@id\":\"https:\/\/www.hotelaristoncaorle.it\/#\/schema\/logo\/image\/\",\"url\":\"https:\/\/www.hotelaristoncaorle.it\/wp-content\/uploads\/2022\/07\/logo_email.svg\",\"contentUrl\":\"https:\/\/www.hotelaristoncaorle.it\/wp-content\/uploads\/2022\/07\/logo_email.svg\",\"width\":51,\"height\":52,\"caption\":\"Hotel Ariston Caorle\"},\"image\":{\"@id\":\"https:\/\/www.hotelaristoncaorle.it\/#\/schema\/logo\/image\/\"}}]}<\/script>\n<!-- \/ Yoast SEO plugin. -->","yoast_head_json":{"title":"Strandurlaub in Caorle und Umgebung in der N\u00e4he von Venedig","description":"Von Caorle k\u00f6nnen Sie nach Venedig mit dem Boot, mit dem Zug, dem Auto oder Bus. Finden Sie heraus, wie man dort erh\u00e4lt und was zu besuchen!","robots":{"index":"index","follow":"follow","max-snippet":"max-snippet:-1","max-image-preview":"max-image-preview:large","max-video-preview":"max-video-preview:-1"},"canonical":"https:\/\/www.hotelaristoncaorle.it\/de\/caorle-und-umgebung","og_locale":"de_DE","og_type":"article","og_title":"Strandurlaub in Caorle und Umgebung in der N\u00e4he von Venedig","og_description":"Von Caorle k\u00f6nnen Sie nach Venedig mit dem Boot, mit dem Zug, dem Auto oder Bus. Finden Sie heraus, wie man dort erh\u00e4lt und was zu besuchen!","og_url":"https:\/\/www.hotelaristoncaorle.it\/de\/caorle-und-umgebung","og_site_name":"Hotel Ariston Caorle","article_modified_time":"2022-07-22T07:27:26+00:00","twitter_card":"summary_large_image","twitter_misc":{"Gesch\u00e4tzte Lesezeit":"1\u00a0Minute"},"schema":{"@context":"https:\/\/schema.org","@graph":[{"@type":"WebPage","@id":"https:\/\/www.hotelaristoncaorle.it\/de\/caorle-und-umgebung","url":"https:\/\/www.hotelaristoncaorle.it\/de\/caorle-und-umgebung","name":"Strandurlaub in Caorle und Umgebung in der N\u00e4he von Venedig","isPartOf":{"@id":"https:\/\/www.hotelaristoncaorle.it\/#website"},"datePublished":"2022-07-21T07:27:58+00:00","dateModified":"2022-07-22T07:27:26+00:00","description":"Von Caorle k\u00f6nnen Sie nach Venedig mit dem Boot, mit dem Zug, dem Auto oder Bus. Finden Sie heraus, wie man dort erh\u00e4lt und was zu besuchen!","breadcrumb":{"@id":"https:\/\/www.hotelaristoncaorle.it\/de\/caorle-und-umgebung#breadcrumb"},"inLanguage":"de","potentialAction":[{"@type":"ReadAction","target":["https:\/\/www.hotelaristoncaorle.it\/de\/caorle-und-umgebung"]}]},{"@type":"BreadcrumbList","@id":"https:\/\/www.hotelaristoncaorle.it\/de\/caorle-und-umgebung#breadcrumb","itemListElement":[{"@type":"ListItem","position":1,"name":"Home","item":"https:\/\/www.hotelaristoncaorle.it\/de"},{"@type":"ListItem","position":2,"name":"Caorle und Umgebung"}]},{"@type":"WebSite","@id":"https:\/\/www.hotelaristoncaorle.it\/#website","url":"https:\/\/www.hotelaristoncaorle.it\/","name":"Hotel Ariston Caorle","description":"","publisher":{"@id":"https:\/\/www.hotelaristoncaorle.it\/#organization"},"potentialAction":[{"@type":"SearchAction","target":{"@type":"EntryPoint","urlTemplate":"https:\/\/www.hotelaristoncaorle.it\/?s={search_term_string}"},"query-input":{"@type":"PropertyValueSpecification","valueRequired":true,"valueName":"search_term_string"}}],"inLanguage":"de"},{"@type":"Organization","@id":"https:\/\/www.hotelaristoncaorle.it\/#organization","name":"Hotel Ariston Caorle","url":"https:\/\/www.hotelaristoncaorle.it\/","logo":{"@type":"ImageObject","inLanguage":"de","@id":"https:\/\/www.hotelaristoncaorle.it\/#\/schema\/logo\/image\/","url":"https:\/\/www.hotelaristoncaorle.it\/wp-content\/uploads\/2022\/07\/logo_email.svg","contentUrl":"https:\/\/www.hotelaristoncaorle.it\/wp-content\/uploads\/2022\/07\/logo_email.svg","width":51,"height":52,"caption":"Hotel Ariston Caorle"},"image":{"@id":"https:\/\/www.hotelaristoncaorle.it\/#\/schema\/logo\/image\/"}}]}},"_links":{"self":[{"href":"https:\/\/www.hotelaristoncaorle.it\/de\/wp-json\/wp\/v2\/pages\/1337","targetHints":{"allow":["GET"]}}],"collection":[{"href":"https:\/\/www.hotelaristoncaorle.it\/de\/wp-json\/wp\/v2\/pages"}],"about":[{"href":"https:\/\/www.hotelaristoncaorle.it\/de\/wp-json\/wp\/v2\/types\/page"}],"author":[{"embeddable":true,"href":"https:\/\/www.hotelaristoncaorle.it\/de\/wp-json\/wp\/v2\/users\/1"}],"replies":[{"embeddable":true,"href":"https:\/\/www.hotelaristoncaorle.it\/de\/wp-json\/wp\/v2\/comments?post=1337"}],"version-history":[{"count":1,"href":"https:\/\/www.hotelaristoncaorle.it\/de\/wp-json\/wp\/v2\/pages\/1337\/revisions"}],"predecessor-version":[{"id":1359,"href":"https:\/\/www.hotelaristoncaorle.it\/de\/wp-json\/wp\/v2\/pages\/1337\/revisions\/1359"}],"wp:attachment":[{"href":"https:\/\/www.hotelaristoncaorle.it\/de\/wp-json\/wp\/v2\/media?parent=1337"}],"curies":[{"name":"wp","href":"https:\/\/api.w.org\/{rel}","templated":true}]}}