{"id":1335,"date":"2022-07-21T09:27:57","date_gmt":"2022-07-21T07:27:57","guid":{"rendered":"http:\/\/www.hotelaristoncaorle.it\/privatstrand"},"modified":"2024-07-19T08:57:32","modified_gmt":"2024-07-19T06:57:32","slug":"privatstrand","status":"publish","type":"page","link":"https:\/\/www.hotelaristoncaorle.it\/de\/privatstrand","title":{"rendered":"Privatstrand"},"content":{"rendered":"\n<p>Der <b>Privatstrand <\/b>(nur 5 m entfernt!), ist die B\u00fchne Ihres Urlaubs. Nur die ruhige <b>Strandpromenade<\/b> trennt Sie von einer der sch\u00f6nsten Kulissen, wo Sie sich rundum entspannen k\u00f6nnen.<\/p>\n","protected":false},"excerpt":{"rendered":"<p>Der Privatstrand (nur 5 m entfernt!), ist die B\u00fchne Ihres Urlaubs. Nur die ruhige Strandpromenade trennt Sie von einer der sch\u00f6nsten Kulissen, wo Sie sich rundum entspannen k\u00f6nnen.<\/p>\n","protected":false},"author":1,"featured_media":0,"parent":0,"menu_order":0,"comment_status":"closed","ping_status":"closed","template":"page-templates\/pagina_standard.php","meta":{"_acf_changed":false,"inline_featured_image":false,"footnotes":""},"class_list":["post-1335","page","type-page","status-publish","hentry"],"acf":[],"yoast_head":"<!-- This site is optimized with the Yoast SEO plugin v27.0 - https:\/\/yoast.com\/product\/yoast-seo-wordpress\/ -->\n<title>Hotel in Caorle mit Privatstrand und Animation | Hotel Ariston<\/title>\n<meta name=\"description\" content=\"Unser Strand ist ein St\u00fcck Unterhaltungsprogramm f\u00fcr Erwachsene und Kinder: Spielpl\u00e4tze, Animation, Babysitter, Wassergymnastik\" \/>\n<meta name=\"robots\" content=\"index, follow, max-snippet:-1, max-image-preview:large, max-video-preview:-1\" \/>\n<link rel=\"canonical\" href=\"https:\/\/www.hotelaristoncaorle.it\/de\/privatstrand\" \/>\n<meta property=\"og:locale\" content=\"de_DE\" \/>\n<meta property=\"og:type\" content=\"article\" \/>\n<meta property=\"og:title\" content=\"Hotel in Caorle mit Privatstrand und Animation | Hotel Ariston\" \/>\n<meta property=\"og:description\" content=\"Unser Strand ist ein St\u00fcck Unterhaltungsprogramm f\u00fcr Erwachsene und Kinder: Spielpl\u00e4tze, Animation, Babysitter, Wassergymnastik\" \/>\n<meta property=\"og:url\" content=\"https:\/\/www.hotelaristoncaorle.it\/de\/privatstrand\" \/>\n<meta property=\"og:site_name\" content=\"Hotel Ariston Caorle\" \/>\n<meta property=\"article:modified_time\" content=\"2024-07-19T06:57:32+00:00\" \/>\n<meta name=\"twitter:card\" content=\"summary_large_image\" \/>\n<meta name=\"twitter:label1\" content=\"Gesch\u00e4tzte Lesezeit\" \/>\n\t<meta name=\"twitter:data1\" content=\"1\u00a0Minute\" \/>\n<script type=\"application\/ld+json\" class=\"yoast-schema-graph\">{\"@context\":\"https:\/\/schema.org\",\"@graph\":[{\"@type\":\"WebPage\",\"@id\":\"https:\/\/www.hotelaristoncaorle.it\/de\/privatstrand\",\"url\":\"https:\/\/www.hotelaristoncaorle.it\/de\/privatstrand\",\"name\":\"Hotel in Caorle mit Privatstrand und Animation | Hotel Ariston\",\"isPartOf\":{\"@id\":\"https:\/\/www.hotelaristoncaorle.it\/#website\"},\"datePublished\":\"2022-07-21T07:27:57+00:00\",\"dateModified\":\"2024-07-19T06:57:32+00:00\",\"description\":\"Unser Strand ist ein St\u00fcck Unterhaltungsprogramm f\u00fcr Erwachsene und Kinder: Spielpl\u00e4tze, Animation, Babysitter, Wassergymnastik\",\"breadcrumb\":{\"@id\":\"https:\/\/www.hotelaristoncaorle.it\/de\/privatstrand#breadcrumb\"},\"inLanguage\":\"de\",\"potentialAction\":[{\"@type\":\"ReadAction\",\"target\":[\"https:\/\/www.hotelaristoncaorle.it\/de\/privatstrand\"]}]},{\"@type\":\"BreadcrumbList\",\"@id\":\"https:\/\/www.hotelaristoncaorle.it\/de\/privatstrand#breadcrumb\",\"itemListElement\":[{\"@type\":\"ListItem\",\"position\":1,\"name\":\"Home\",\"item\":\"https:\/\/www.hotelaristoncaorle.it\/de\"},{\"@type\":\"ListItem\",\"position\":2,\"name\":\"Privatstrand\"}]},{\"@type\":\"WebSite\",\"@id\":\"https:\/\/www.hotelaristoncaorle.it\/#website\",\"url\":\"https:\/\/www.hotelaristoncaorle.it\/\",\"name\":\"Hotel Ariston Caorle\",\"description\":\"\",\"publisher\":{\"@id\":\"https:\/\/www.hotelaristoncaorle.it\/#organization\"},\"potentialAction\":[{\"@type\":\"SearchAction\",\"target\":{\"@type\":\"EntryPoint\",\"urlTemplate\":\"https:\/\/www.hotelaristoncaorle.it\/?s={search_term_string}\"},\"query-input\":{\"@type\":\"PropertyValueSpecification\",\"valueRequired\":true,\"valueName\":\"search_term_string\"}}],\"inLanguage\":\"de\"},{\"@type\":\"Organization\",\"@id\":\"https:\/\/www.hotelaristoncaorle.it\/#organization\",\"name\":\"Hotel Ariston Caorle\",\"url\":\"https:\/\/www.hotelaristoncaorle.it\/\",\"logo\":{\"@type\":\"ImageObject\",\"inLanguage\":\"de\",\"@id\":\"https:\/\/www.hotelaristoncaorle.it\/#\/schema\/logo\/image\/\",\"url\":\"https:\/\/www.hotelaristoncaorle.it\/wp-content\/uploads\/2022\/07\/logo_email.svg\",\"contentUrl\":\"https:\/\/www.hotelaristoncaorle.it\/wp-content\/uploads\/2022\/07\/logo_email.svg\",\"width\":51,\"height\":52,\"caption\":\"Hotel Ariston Caorle\"},\"image\":{\"@id\":\"https:\/\/www.hotelaristoncaorle.it\/#\/schema\/logo\/image\/\"}}]}<\/script>\n<!-- \/ Yoast SEO plugin. -->","yoast_head_json":{"title":"Hotel in Caorle mit Privatstrand und Animation | Hotel Ariston","description":"Unser Strand ist ein St\u00fcck Unterhaltungsprogramm f\u00fcr Erwachsene und Kinder: Spielpl\u00e4tze, Animation, Babysitter, Wassergymnastik","robots":{"index":"index","follow":"follow","max-snippet":"max-snippet:-1","max-image-preview":"max-image-preview:large","max-video-preview":"max-video-preview:-1"},"canonical":"https:\/\/www.hotelaristoncaorle.it\/de\/privatstrand","og_locale":"de_DE","og_type":"article","og_title":"Hotel in Caorle mit Privatstrand und Animation | Hotel Ariston","og_description":"Unser Strand ist ein St\u00fcck Unterhaltungsprogramm f\u00fcr Erwachsene und Kinder: Spielpl\u00e4tze, Animation, Babysitter, Wassergymnastik","og_url":"https:\/\/www.hotelaristoncaorle.it\/de\/privatstrand","og_site_name":"Hotel Ariston Caorle","article_modified_time":"2024-07-19T06:57:32+00:00","twitter_card":"summary_large_image","twitter_misc":{"Gesch\u00e4tzte Lesezeit":"1\u00a0Minute"},"schema":{"@context":"https:\/\/schema.org","@graph":[{"@type":"WebPage","@id":"https:\/\/www.hotelaristoncaorle.it\/de\/privatstrand","url":"https:\/\/www.hotelaristoncaorle.it\/de\/privatstrand","name":"Hotel in Caorle mit Privatstrand und Animation | Hotel Ariston","isPartOf":{"@id":"https:\/\/www.hotelaristoncaorle.it\/#website"},"datePublished":"2022-07-21T07:27:57+00:00","dateModified":"2024-07-19T06:57:32+00:00","description":"Unser Strand ist ein St\u00fcck Unterhaltungsprogramm f\u00fcr Erwachsene und Kinder: Spielpl\u00e4tze, Animation, Babysitter, Wassergymnastik","breadcrumb":{"@id":"https:\/\/www.hotelaristoncaorle.it\/de\/privatstrand#breadcrumb"},"inLanguage":"de","potentialAction":[{"@type":"ReadAction","target":["https:\/\/www.hotelaristoncaorle.it\/de\/privatstrand"]}]},{"@type":"BreadcrumbList","@id":"https:\/\/www.hotelaristoncaorle.it\/de\/privatstrand#breadcrumb","itemListElement":[{"@type":"ListItem","position":1,"name":"Home","item":"https:\/\/www.hotelaristoncaorle.it\/de"},{"@type":"ListItem","position":2,"name":"Privatstrand"}]},{"@type":"WebSite","@id":"https:\/\/www.hotelaristoncaorle.it\/#website","url":"https:\/\/www.hotelaristoncaorle.it\/","name":"Hotel Ariston Caorle","description":"","publisher":{"@id":"https:\/\/www.hotelaristoncaorle.it\/#organization"},"potentialAction":[{"@type":"SearchAction","target":{"@type":"EntryPoint","urlTemplate":"https:\/\/www.hotelaristoncaorle.it\/?s={search_term_string}"},"query-input":{"@type":"PropertyValueSpecification","valueRequired":true,"valueName":"search_term_string"}}],"inLanguage":"de"},{"@type":"Organization","@id":"https:\/\/www.hotelaristoncaorle.it\/#organization","name":"Hotel Ariston Caorle","url":"https:\/\/www.hotelaristoncaorle.it\/","logo":{"@type":"ImageObject","inLanguage":"de","@id":"https:\/\/www.hotelaristoncaorle.it\/#\/schema\/logo\/image\/","url":"https:\/\/www.hotelaristoncaorle.it\/wp-content\/uploads\/2022\/07\/logo_email.svg","contentUrl":"https:\/\/www.hotelaristoncaorle.it\/wp-content\/uploads\/2022\/07\/logo_email.svg","width":51,"height":52,"caption":"Hotel Ariston Caorle"},"image":{"@id":"https:\/\/www.hotelaristoncaorle.it\/#\/schema\/logo\/image\/"}}]}},"_links":{"self":[{"href":"https:\/\/www.hotelaristoncaorle.it\/de\/wp-json\/wp\/v2\/pages\/1335","targetHints":{"allow":["GET"]}}],"collection":[{"href":"https:\/\/www.hotelaristoncaorle.it\/de\/wp-json\/wp\/v2\/pages"}],"about":[{"href":"https:\/\/www.hotelaristoncaorle.it\/de\/wp-json\/wp\/v2\/types\/page"}],"author":[{"embeddable":true,"href":"https:\/\/www.hotelaristoncaorle.it\/de\/wp-json\/wp\/v2\/users\/1"}],"replies":[{"embeddable":true,"href":"https:\/\/www.hotelaristoncaorle.it\/de\/wp-json\/wp\/v2\/comments?post=1335"}],"version-history":[{"count":2,"href":"https:\/\/www.hotelaristoncaorle.it\/de\/wp-json\/wp\/v2\/pages\/1335\/revisions"}],"predecessor-version":[{"id":1985,"href":"https:\/\/www.hotelaristoncaorle.it\/de\/wp-json\/wp\/v2\/pages\/1335\/revisions\/1985"}],"wp:attachment":[{"href":"https:\/\/www.hotelaristoncaorle.it\/de\/wp-json\/wp\/v2\/media?parent=1335"}],"curies":[{"name":"wp","href":"https:\/\/api.w.org\/{rel}","templated":true}]}}