{"id":1334,"date":"2022-07-21T09:27:57","date_gmt":"2022-07-21T07:27:57","guid":{"rendered":"http:\/\/www.hotelaristoncaorle.it\/kuche"},"modified":"2025-01-22T10:47:57","modified_gmt":"2025-01-22T09:47:57","slug":"restaurant","status":"publish","type":"page","link":"https:\/\/www.hotelaristoncaorle.it\/de\/restaurant","title":{"rendered":"K\u00fcche"},"content":{"rendered":"\n<p>Die gute K\u00fcche ist eine Kunst und hier im <b>Ariston Hotel<\/b> servieren wir Meisterwerke, auf denen das Abbild der <b>Tradition von Caorle<\/b> mit Pinselstrichen von <b>biologischen und italienischen Rohstoffen aus der unmittelbaren Umgebung<\/b> gemalt ist, um sie mit <b>Blick auf das Meer<\/b> zu genie\u00dfen.<\/p>\n","protected":false},"excerpt":{"rendered":"<p>Die gute K\u00fcche ist eine Kunst und hier im Ariston Hotel servieren wir Meisterwerke, auf denen das Abbild der Tradition von Caorle mit Pinselstrichen von biologischen und italienischen Rohstoffen aus der unmittelbaren Umgebung gemalt ist, um sie mit Blick auf das Meer zu genie\u00dfen.<\/p>\n","protected":false},"author":1,"featured_media":0,"parent":0,"menu_order":0,"comment_status":"closed","ping_status":"closed","template":"page-templates\/pagina_standard.php","meta":{"_acf_changed":false,"inline_featured_image":false,"footnotes":""},"class_list":["post-1334","page","type-page","status-publish","hentry"],"acf":[],"yoast_head":"<!-- This site is optimized with the Yoast SEO plugin v27.0 - https:\/\/yoast.com\/product\/yoast-seo-wordpress\/ -->\n<title>Hotel Restaurant mit Meeresblick in Caorle mit Kochen f\u00fcr Z\u00f6liakie<\/title>\n<meta name=\"description\" content=\"In unserer K\u00fcche werden Sie jeden Tag Buffet mit Gem\u00fcse, frischem Fisch und lokalen Weinen. Auf Wunsch Z\u00f6liakie Gerichte\" \/>\n<meta name=\"robots\" content=\"index, follow, max-snippet:-1, max-image-preview:large, max-video-preview:-1\" \/>\n<link rel=\"canonical\" href=\"https:\/\/www.hotelaristoncaorle.it\/de\/restaurant\" \/>\n<meta property=\"og:locale\" content=\"de_DE\" \/>\n<meta property=\"og:type\" content=\"article\" \/>\n<meta property=\"og:title\" content=\"Hotel Restaurant mit Meeresblick in Caorle mit Kochen f\u00fcr Z\u00f6liakie\" \/>\n<meta property=\"og:description\" content=\"In unserer K\u00fcche werden Sie jeden Tag Buffet mit Gem\u00fcse, frischem Fisch und lokalen Weinen. Auf Wunsch Z\u00f6liakie Gerichte\" \/>\n<meta property=\"og:url\" content=\"https:\/\/www.hotelaristoncaorle.it\/de\/restaurant\" \/>\n<meta property=\"og:site_name\" content=\"Hotel Ariston Caorle\" \/>\n<meta property=\"article:modified_time\" content=\"2025-01-22T09:47:57+00:00\" \/>\n<meta name=\"twitter:card\" content=\"summary_large_image\" \/>\n<meta name=\"twitter:label1\" content=\"Gesch\u00e4tzte Lesezeit\" \/>\n\t<meta name=\"twitter:data1\" content=\"1\u00a0Minute\" \/>\n<script type=\"application\/ld+json\" class=\"yoast-schema-graph\">{\"@context\":\"https:\/\/schema.org\",\"@graph\":[{\"@type\":\"WebPage\",\"@id\":\"https:\/\/www.hotelaristoncaorle.it\/de\/restaurant\",\"url\":\"https:\/\/www.hotelaristoncaorle.it\/de\/restaurant\",\"name\":\"Hotel Restaurant mit Meeresblick in Caorle mit Kochen f\u00fcr Z\u00f6liakie\",\"isPartOf\":{\"@id\":\"https:\/\/www.hotelaristoncaorle.it\/#website\"},\"datePublished\":\"2022-07-21T07:27:57+00:00\",\"dateModified\":\"2025-01-22T09:47:57+00:00\",\"description\":\"In unserer K\u00fcche werden Sie jeden Tag Buffet mit Gem\u00fcse, frischem Fisch und lokalen Weinen. Auf Wunsch Z\u00f6liakie Gerichte\",\"breadcrumb\":{\"@id\":\"https:\/\/www.hotelaristoncaorle.it\/de\/restaurant#breadcrumb\"},\"inLanguage\":\"de\",\"potentialAction\":[{\"@type\":\"ReadAction\",\"target\":[\"https:\/\/www.hotelaristoncaorle.it\/de\/restaurant\"]}]},{\"@type\":\"BreadcrumbList\",\"@id\":\"https:\/\/www.hotelaristoncaorle.it\/de\/restaurant#breadcrumb\",\"itemListElement\":[{\"@type\":\"ListItem\",\"position\":1,\"name\":\"Home\",\"item\":\"https:\/\/www.hotelaristoncaorle.it\/de\"},{\"@type\":\"ListItem\",\"position\":2,\"name\":\"K\u00fcche\"}]},{\"@type\":\"WebSite\",\"@id\":\"https:\/\/www.hotelaristoncaorle.it\/#website\",\"url\":\"https:\/\/www.hotelaristoncaorle.it\/\",\"name\":\"Hotel Ariston Caorle\",\"description\":\"\",\"publisher\":{\"@id\":\"https:\/\/www.hotelaristoncaorle.it\/#organization\"},\"potentialAction\":[{\"@type\":\"SearchAction\",\"target\":{\"@type\":\"EntryPoint\",\"urlTemplate\":\"https:\/\/www.hotelaristoncaorle.it\/?s={search_term_string}\"},\"query-input\":{\"@type\":\"PropertyValueSpecification\",\"valueRequired\":true,\"valueName\":\"search_term_string\"}}],\"inLanguage\":\"de\"},{\"@type\":\"Organization\",\"@id\":\"https:\/\/www.hotelaristoncaorle.it\/#organization\",\"name\":\"Hotel Ariston Caorle\",\"url\":\"https:\/\/www.hotelaristoncaorle.it\/\",\"logo\":{\"@type\":\"ImageObject\",\"inLanguage\":\"de\",\"@id\":\"https:\/\/www.hotelaristoncaorle.it\/#\/schema\/logo\/image\/\",\"url\":\"https:\/\/www.hotelaristoncaorle.it\/wp-content\/uploads\/2022\/07\/logo_email.svg\",\"contentUrl\":\"https:\/\/www.hotelaristoncaorle.it\/wp-content\/uploads\/2022\/07\/logo_email.svg\",\"width\":51,\"height\":52,\"caption\":\"Hotel Ariston Caorle\"},\"image\":{\"@id\":\"https:\/\/www.hotelaristoncaorle.it\/#\/schema\/logo\/image\/\"}}]}<\/script>\n<!-- \/ Yoast SEO plugin. -->","yoast_head_json":{"title":"Hotel Restaurant mit Meeresblick in Caorle mit Kochen f\u00fcr Z\u00f6liakie","description":"In unserer K\u00fcche werden Sie jeden Tag Buffet mit Gem\u00fcse, frischem Fisch und lokalen Weinen. Auf Wunsch Z\u00f6liakie Gerichte","robots":{"index":"index","follow":"follow","max-snippet":"max-snippet:-1","max-image-preview":"max-image-preview:large","max-video-preview":"max-video-preview:-1"},"canonical":"https:\/\/www.hotelaristoncaorle.it\/de\/restaurant","og_locale":"de_DE","og_type":"article","og_title":"Hotel Restaurant mit Meeresblick in Caorle mit Kochen f\u00fcr Z\u00f6liakie","og_description":"In unserer K\u00fcche werden Sie jeden Tag Buffet mit Gem\u00fcse, frischem Fisch und lokalen Weinen. Auf Wunsch Z\u00f6liakie Gerichte","og_url":"https:\/\/www.hotelaristoncaorle.it\/de\/restaurant","og_site_name":"Hotel Ariston Caorle","article_modified_time":"2025-01-22T09:47:57+00:00","twitter_card":"summary_large_image","twitter_misc":{"Gesch\u00e4tzte Lesezeit":"1\u00a0Minute"},"schema":{"@context":"https:\/\/schema.org","@graph":[{"@type":"WebPage","@id":"https:\/\/www.hotelaristoncaorle.it\/de\/restaurant","url":"https:\/\/www.hotelaristoncaorle.it\/de\/restaurant","name":"Hotel Restaurant mit Meeresblick in Caorle mit Kochen f\u00fcr Z\u00f6liakie","isPartOf":{"@id":"https:\/\/www.hotelaristoncaorle.it\/#website"},"datePublished":"2022-07-21T07:27:57+00:00","dateModified":"2025-01-22T09:47:57+00:00","description":"In unserer K\u00fcche werden Sie jeden Tag Buffet mit Gem\u00fcse, frischem Fisch und lokalen Weinen. Auf Wunsch Z\u00f6liakie Gerichte","breadcrumb":{"@id":"https:\/\/www.hotelaristoncaorle.it\/de\/restaurant#breadcrumb"},"inLanguage":"de","potentialAction":[{"@type":"ReadAction","target":["https:\/\/www.hotelaristoncaorle.it\/de\/restaurant"]}]},{"@type":"BreadcrumbList","@id":"https:\/\/www.hotelaristoncaorle.it\/de\/restaurant#breadcrumb","itemListElement":[{"@type":"ListItem","position":1,"name":"Home","item":"https:\/\/www.hotelaristoncaorle.it\/de"},{"@type":"ListItem","position":2,"name":"K\u00fcche"}]},{"@type":"WebSite","@id":"https:\/\/www.hotelaristoncaorle.it\/#website","url":"https:\/\/www.hotelaristoncaorle.it\/","name":"Hotel Ariston Caorle","description":"","publisher":{"@id":"https:\/\/www.hotelaristoncaorle.it\/#organization"},"potentialAction":[{"@type":"SearchAction","target":{"@type":"EntryPoint","urlTemplate":"https:\/\/www.hotelaristoncaorle.it\/?s={search_term_string}"},"query-input":{"@type":"PropertyValueSpecification","valueRequired":true,"valueName":"search_term_string"}}],"inLanguage":"de"},{"@type":"Organization","@id":"https:\/\/www.hotelaristoncaorle.it\/#organization","name":"Hotel Ariston Caorle","url":"https:\/\/www.hotelaristoncaorle.it\/","logo":{"@type":"ImageObject","inLanguage":"de","@id":"https:\/\/www.hotelaristoncaorle.it\/#\/schema\/logo\/image\/","url":"https:\/\/www.hotelaristoncaorle.it\/wp-content\/uploads\/2022\/07\/logo_email.svg","contentUrl":"https:\/\/www.hotelaristoncaorle.it\/wp-content\/uploads\/2022\/07\/logo_email.svg","width":51,"height":52,"caption":"Hotel Ariston Caorle"},"image":{"@id":"https:\/\/www.hotelaristoncaorle.it\/#\/schema\/logo\/image\/"}}]}},"_links":{"self":[{"href":"https:\/\/www.hotelaristoncaorle.it\/de\/wp-json\/wp\/v2\/pages\/1334","targetHints":{"allow":["GET"]}}],"collection":[{"href":"https:\/\/www.hotelaristoncaorle.it\/de\/wp-json\/wp\/v2\/pages"}],"about":[{"href":"https:\/\/www.hotelaristoncaorle.it\/de\/wp-json\/wp\/v2\/types\/page"}],"author":[{"embeddable":true,"href":"https:\/\/www.hotelaristoncaorle.it\/de\/wp-json\/wp\/v2\/users\/1"}],"replies":[{"embeddable":true,"href":"https:\/\/www.hotelaristoncaorle.it\/de\/wp-json\/wp\/v2\/comments?post=1334"}],"version-history":[{"count":4,"href":"https:\/\/www.hotelaristoncaorle.it\/de\/wp-json\/wp\/v2\/pages\/1334\/revisions"}],"predecessor-version":[{"id":2518,"href":"https:\/\/www.hotelaristoncaorle.it\/de\/wp-json\/wp\/v2\/pages\/1334\/revisions\/2518"}],"wp:attachment":[{"href":"https:\/\/www.hotelaristoncaorle.it\/de\/wp-json\/wp\/v2\/media?parent=1334"}],"curies":[{"name":"wp","href":"https:\/\/api.w.org\/{rel}","templated":true}]}}