{"id":1333,"date":"2022-07-21T09:27:57","date_gmt":"2022-07-21T07:27:57","guid":{"rendered":"http:\/\/www.hotelaristoncaorle.it\/camere\/mit-verbindungstur"},"modified":"2024-10-22T10:08:07","modified_gmt":"2024-10-22T08:08:07","slug":"mit-verbindungstur","status":"publish","type":"page","link":"https:\/\/www.hotelaristoncaorle.it\/de\/zimmer\/mit-verbindungstur","title":{"rendered":"Mit Verbindungst\u00fcr"},"content":{"rendered":"\n<p>Wenn Sie einen ruhigen Meeresurlaub mit Ihrer Familie oder mit Freunden verbringen wollen, w\u00e4hlen Sie unsere <b>gro\u00dfen, mit einander verbundenen Zimmer<\/b> aus. F\u00fcr Sie <b>zwei Schlafzimmer<\/b> mit <b>zwei Badezimmern<\/b>, zwei sch\u00f6ne <strong>Balkone &#8211; einer mit Meerblick &#8211; <\/strong>und gut <b>zwei reservierten Pl\u00e4tzen am Strand<\/b>, um Ihnen den Platz und die Unabh\u00e4ngigkeit zu garantieren, die Sie brauchen.<\/p>\n","protected":false},"excerpt":{"rendered":"<p>Wenn Sie einen ruhigen Meeresurlaub mit Ihrer Familie oder mit Freunden verbringen wollen, w\u00e4hlen Sie unsere gro\u00dfen, mit einander verbundenen Zimmer aus. F\u00fcr Sie zwei Schlafzimmer mit zwei Badezimmern, zwei sch\u00f6ne Balkone &#8211; einer mit Meerblick &#8211; und gut zwei reservierten Pl\u00e4tzen am Strand, um Ihnen den Platz und die Unabh\u00e4ngigkeit zu garantieren, die Sie &hellip;<\/p>\n","protected":false},"author":1,"featured_media":0,"parent":1326,"menu_order":0,"comment_status":"closed","ping_status":"closed","template":"page-templates\/dettaglio_camera.php","meta":{"_acf_changed":false,"inline_featured_image":false,"footnotes":""},"class_list":["post-1333","page","type-page","status-publish","hentry"],"acf":[],"yoast_head":"<!-- This site is optimized with the Yoast SEO plugin v27.0 - https:\/\/yoast.com\/product\/yoast-seo-wordpress\/ -->\n<title>Hotel mit Verbindungszimmern in Caorle, Venedig | Hotel Ariston<\/title>\n<meta name=\"description\" content=\"Komfortable und gro\u00dfe Zimmer mit Verbindungst\u00fcr, bestehend aus zwei Schlafzimmern, zwei Badezimmern und einem Balkon mit Meerblick\" \/>\n<meta name=\"robots\" content=\"index, follow, max-snippet:-1, max-image-preview:large, max-video-preview:-1\" \/>\n<link rel=\"canonical\" href=\"https:\/\/www.hotelaristoncaorle.it\/de\/zimmer\/mit-verbindungstur\" \/>\n<meta property=\"og:locale\" content=\"de_DE\" \/>\n<meta property=\"og:type\" content=\"article\" \/>\n<meta property=\"og:title\" content=\"Hotel mit Verbindungszimmern in Caorle, Venedig | Hotel Ariston\" \/>\n<meta property=\"og:description\" content=\"Komfortable und gro\u00dfe Zimmer mit Verbindungst\u00fcr, bestehend aus zwei Schlafzimmern, zwei Badezimmern und einem Balkon mit Meerblick\" \/>\n<meta property=\"og:url\" content=\"https:\/\/www.hotelaristoncaorle.it\/de\/zimmer\/mit-verbindungstur\" \/>\n<meta property=\"og:site_name\" content=\"Hotel Ariston Caorle\" \/>\n<meta property=\"article:modified_time\" content=\"2024-10-22T08:08:07+00:00\" \/>\n<meta name=\"twitter:card\" content=\"summary_large_image\" \/>\n<meta name=\"twitter:label1\" content=\"Gesch\u00e4tzte Lesezeit\" \/>\n\t<meta name=\"twitter:data1\" content=\"1\u00a0Minute\" \/>\n<script type=\"application\/ld+json\" class=\"yoast-schema-graph\">{\"@context\":\"https:\/\/schema.org\",\"@graph\":[{\"@type\":\"WebPage\",\"@id\":\"https:\/\/www.hotelaristoncaorle.it\/de\/zimmer\/mit-verbindungstur\",\"url\":\"https:\/\/www.hotelaristoncaorle.it\/de\/zimmer\/mit-verbindungstur\",\"name\":\"Hotel mit Verbindungszimmern in Caorle, Venedig | Hotel Ariston\",\"isPartOf\":{\"@id\":\"https:\/\/www.hotelaristoncaorle.it\/#website\"},\"datePublished\":\"2022-07-21T07:27:57+00:00\",\"dateModified\":\"2024-10-22T08:08:07+00:00\",\"description\":\"Komfortable und gro\u00dfe Zimmer mit Verbindungst\u00fcr, bestehend aus zwei Schlafzimmern, zwei Badezimmern und einem Balkon mit Meerblick\",\"breadcrumb\":{\"@id\":\"https:\/\/www.hotelaristoncaorle.it\/de\/zimmer\/mit-verbindungstur#breadcrumb\"},\"inLanguage\":\"de\",\"potentialAction\":[{\"@type\":\"ReadAction\",\"target\":[\"https:\/\/www.hotelaristoncaorle.it\/de\/zimmer\/mit-verbindungstur\"]}]},{\"@type\":\"BreadcrumbList\",\"@id\":\"https:\/\/www.hotelaristoncaorle.it\/de\/zimmer\/mit-verbindungstur#breadcrumb\",\"itemListElement\":[{\"@type\":\"ListItem\",\"position\":1,\"name\":\"Home\",\"item\":\"https:\/\/www.hotelaristoncaorle.it\/de\"},{\"@type\":\"ListItem\",\"position\":2,\"name\":\"Zimmer und Suiten\",\"item\":\"https:\/\/www.hotelaristoncaorle.it\/de\/zimmer\"},{\"@type\":\"ListItem\",\"position\":3,\"name\":\"Mit Verbindungst\u00fcr\"}]},{\"@type\":\"WebSite\",\"@id\":\"https:\/\/www.hotelaristoncaorle.it\/#website\",\"url\":\"https:\/\/www.hotelaristoncaorle.it\/\",\"name\":\"Hotel Ariston Caorle\",\"description\":\"\",\"publisher\":{\"@id\":\"https:\/\/www.hotelaristoncaorle.it\/#organization\"},\"potentialAction\":[{\"@type\":\"SearchAction\",\"target\":{\"@type\":\"EntryPoint\",\"urlTemplate\":\"https:\/\/www.hotelaristoncaorle.it\/?s={search_term_string}\"},\"query-input\":{\"@type\":\"PropertyValueSpecification\",\"valueRequired\":true,\"valueName\":\"search_term_string\"}}],\"inLanguage\":\"de\"},{\"@type\":\"Organization\",\"@id\":\"https:\/\/www.hotelaristoncaorle.it\/#organization\",\"name\":\"Hotel Ariston Caorle\",\"url\":\"https:\/\/www.hotelaristoncaorle.it\/\",\"logo\":{\"@type\":\"ImageObject\",\"inLanguage\":\"de\",\"@id\":\"https:\/\/www.hotelaristoncaorle.it\/#\/schema\/logo\/image\/\",\"url\":\"https:\/\/www.hotelaristoncaorle.it\/wp-content\/uploads\/2022\/07\/logo_email.svg\",\"contentUrl\":\"https:\/\/www.hotelaristoncaorle.it\/wp-content\/uploads\/2022\/07\/logo_email.svg\",\"width\":51,\"height\":52,\"caption\":\"Hotel Ariston Caorle\"},\"image\":{\"@id\":\"https:\/\/www.hotelaristoncaorle.it\/#\/schema\/logo\/image\/\"}}]}<\/script>\n<!-- \/ Yoast SEO plugin. -->","yoast_head_json":{"title":"Hotel mit Verbindungszimmern in Caorle, Venedig | Hotel Ariston","description":"Komfortable und gro\u00dfe Zimmer mit Verbindungst\u00fcr, bestehend aus zwei Schlafzimmern, zwei Badezimmern und einem Balkon mit Meerblick","robots":{"index":"index","follow":"follow","max-snippet":"max-snippet:-1","max-image-preview":"max-image-preview:large","max-video-preview":"max-video-preview:-1"},"canonical":"https:\/\/www.hotelaristoncaorle.it\/de\/zimmer\/mit-verbindungstur","og_locale":"de_DE","og_type":"article","og_title":"Hotel mit Verbindungszimmern in Caorle, Venedig | Hotel Ariston","og_description":"Komfortable und gro\u00dfe Zimmer mit Verbindungst\u00fcr, bestehend aus zwei Schlafzimmern, zwei Badezimmern und einem Balkon mit Meerblick","og_url":"https:\/\/www.hotelaristoncaorle.it\/de\/zimmer\/mit-verbindungstur","og_site_name":"Hotel Ariston Caorle","article_modified_time":"2024-10-22T08:08:07+00:00","twitter_card":"summary_large_image","twitter_misc":{"Gesch\u00e4tzte Lesezeit":"1\u00a0Minute"},"schema":{"@context":"https:\/\/schema.org","@graph":[{"@type":"WebPage","@id":"https:\/\/www.hotelaristoncaorle.it\/de\/zimmer\/mit-verbindungstur","url":"https:\/\/www.hotelaristoncaorle.it\/de\/zimmer\/mit-verbindungstur","name":"Hotel mit Verbindungszimmern in Caorle, Venedig | Hotel Ariston","isPartOf":{"@id":"https:\/\/www.hotelaristoncaorle.it\/#website"},"datePublished":"2022-07-21T07:27:57+00:00","dateModified":"2024-10-22T08:08:07+00:00","description":"Komfortable und gro\u00dfe Zimmer mit Verbindungst\u00fcr, bestehend aus zwei Schlafzimmern, zwei Badezimmern und einem Balkon mit Meerblick","breadcrumb":{"@id":"https:\/\/www.hotelaristoncaorle.it\/de\/zimmer\/mit-verbindungstur#breadcrumb"},"inLanguage":"de","potentialAction":[{"@type":"ReadAction","target":["https:\/\/www.hotelaristoncaorle.it\/de\/zimmer\/mit-verbindungstur"]}]},{"@type":"BreadcrumbList","@id":"https:\/\/www.hotelaristoncaorle.it\/de\/zimmer\/mit-verbindungstur#breadcrumb","itemListElement":[{"@type":"ListItem","position":1,"name":"Home","item":"https:\/\/www.hotelaristoncaorle.it\/de"},{"@type":"ListItem","position":2,"name":"Zimmer und Suiten","item":"https:\/\/www.hotelaristoncaorle.it\/de\/zimmer"},{"@type":"ListItem","position":3,"name":"Mit Verbindungst\u00fcr"}]},{"@type":"WebSite","@id":"https:\/\/www.hotelaristoncaorle.it\/#website","url":"https:\/\/www.hotelaristoncaorle.it\/","name":"Hotel Ariston Caorle","description":"","publisher":{"@id":"https:\/\/www.hotelaristoncaorle.it\/#organization"},"potentialAction":[{"@type":"SearchAction","target":{"@type":"EntryPoint","urlTemplate":"https:\/\/www.hotelaristoncaorle.it\/?s={search_term_string}"},"query-input":{"@type":"PropertyValueSpecification","valueRequired":true,"valueName":"search_term_string"}}],"inLanguage":"de"},{"@type":"Organization","@id":"https:\/\/www.hotelaristoncaorle.it\/#organization","name":"Hotel Ariston Caorle","url":"https:\/\/www.hotelaristoncaorle.it\/","logo":{"@type":"ImageObject","inLanguage":"de","@id":"https:\/\/www.hotelaristoncaorle.it\/#\/schema\/logo\/image\/","url":"https:\/\/www.hotelaristoncaorle.it\/wp-content\/uploads\/2022\/07\/logo_email.svg","contentUrl":"https:\/\/www.hotelaristoncaorle.it\/wp-content\/uploads\/2022\/07\/logo_email.svg","width":51,"height":52,"caption":"Hotel Ariston Caorle"},"image":{"@id":"https:\/\/www.hotelaristoncaorle.it\/#\/schema\/logo\/image\/"}}]}},"_links":{"self":[{"href":"https:\/\/www.hotelaristoncaorle.it\/de\/wp-json\/wp\/v2\/pages\/1333","targetHints":{"allow":["GET"]}}],"collection":[{"href":"https:\/\/www.hotelaristoncaorle.it\/de\/wp-json\/wp\/v2\/pages"}],"about":[{"href":"https:\/\/www.hotelaristoncaorle.it\/de\/wp-json\/wp\/v2\/types\/page"}],"author":[{"embeddable":true,"href":"https:\/\/www.hotelaristoncaorle.it\/de\/wp-json\/wp\/v2\/users\/1"}],"replies":[{"embeddable":true,"href":"https:\/\/www.hotelaristoncaorle.it\/de\/wp-json\/wp\/v2\/comments?post=1333"}],"version-history":[{"count":2,"href":"https:\/\/www.hotelaristoncaorle.it\/de\/wp-json\/wp\/v2\/pages\/1333\/revisions"}],"predecessor-version":[{"id":2349,"href":"https:\/\/www.hotelaristoncaorle.it\/de\/wp-json\/wp\/v2\/pages\/1333\/revisions\/2349"}],"up":[{"embeddable":true,"href":"https:\/\/www.hotelaristoncaorle.it\/de\/wp-json\/wp\/v2\/pages\/1326"}],"wp:attachment":[{"href":"https:\/\/www.hotelaristoncaorle.it\/de\/wp-json\/wp\/v2\/media?parent=1333"}],"curies":[{"name":"wp","href":"https:\/\/api.w.org\/{rel}","templated":true}]}}