{"id":1332,"date":"2022-07-21T09:27:57","date_gmt":"2022-07-21T07:27:57","guid":{"rendered":"http:\/\/www.hotelaristoncaorle.it\/camere\/seitlicher-meeresblick"},"modified":"2024-10-22T09:57:35","modified_gmt":"2024-10-22T07:57:35","slug":"seitlicher-meeresblick","status":"publish","type":"page","link":"https:\/\/www.hotelaristoncaorle.it\/de\/zimmer\/seitlicher-meeresblick","title":{"rendered":"Vierbettzimmer Classic"},"content":{"rendered":"\n<p>Wenn Sie mit <b>Augenmerk auf den Preis<\/b> in komfortabler Umgebung urlauben wollen, w\u00e4hlen Sie unsere <strong>Vierbettzimmer Classic<\/strong>! Gem\u00fctliche Zimmer, in denen man sich wohlf\u00fchlt, mit <b>Balkon<\/b>.<\/p>\n","protected":false},"excerpt":{"rendered":"<p>Wenn Sie mit Augenmerk auf den Preis in komfortabler Umgebung urlauben wollen, w\u00e4hlen Sie unsere Vierbettzimmer Classic! Gem\u00fctliche Zimmer, in denen man sich wohlf\u00fchlt, mit Balkon.<\/p>\n","protected":false},"author":1,"featured_media":0,"parent":1326,"menu_order":0,"comment_status":"closed","ping_status":"closed","template":"page-templates\/dettaglio_camera.php","meta":{"_acf_changed":false,"inline_featured_image":false,"footnotes":""},"class_list":["post-1332","page","type-page","status-publish","hentry"],"acf":[],"yoast_head":"<!-- This site is optimized with the Yoast SEO plugin v27.0 - https:\/\/yoast.com\/product\/yoast-seo-wordpress\/ -->\n<title>Hotel mit Zimmern mit seitlichem Meerblick in Caorle, Venedig<\/title>\n<meta name=\"description\" content=\"Im Hotel Ariston gibt es komfortable Zimmern mit seitlichem Meerblick und Balkon. Bis zu 4 Betten, g\u00fcnstige Preise\" \/>\n<meta name=\"robots\" content=\"index, follow, max-snippet:-1, max-image-preview:large, max-video-preview:-1\" \/>\n<link rel=\"canonical\" href=\"https:\/\/www.hotelaristoncaorle.it\/de\/zimmer\/seitlicher-meeresblick\" \/>\n<meta property=\"og:locale\" content=\"de_DE\" \/>\n<meta property=\"og:type\" content=\"article\" \/>\n<meta property=\"og:title\" content=\"Hotel mit Zimmern mit seitlichem Meerblick in Caorle, Venedig\" \/>\n<meta property=\"og:description\" content=\"Im Hotel Ariston gibt es komfortable Zimmern mit seitlichem Meerblick und Balkon. Bis zu 4 Betten, g\u00fcnstige Preise\" \/>\n<meta property=\"og:url\" content=\"https:\/\/www.hotelaristoncaorle.it\/de\/zimmer\/seitlicher-meeresblick\" \/>\n<meta property=\"og:site_name\" content=\"Hotel Ariston Caorle\" \/>\n<meta property=\"article:modified_time\" content=\"2024-10-22T07:57:35+00:00\" \/>\n<meta name=\"twitter:card\" content=\"summary_large_image\" \/>\n<meta name=\"twitter:label1\" content=\"Gesch\u00e4tzte Lesezeit\" \/>\n\t<meta name=\"twitter:data1\" content=\"1\u00a0Minute\" \/>\n<script type=\"application\/ld+json\" class=\"yoast-schema-graph\">{\"@context\":\"https:\/\/schema.org\",\"@graph\":[{\"@type\":\"WebPage\",\"@id\":\"https:\/\/www.hotelaristoncaorle.it\/de\/zimmer\/seitlicher-meeresblick\",\"url\":\"https:\/\/www.hotelaristoncaorle.it\/de\/zimmer\/seitlicher-meeresblick\",\"name\":\"Hotel mit Zimmern mit seitlichem Meerblick in Caorle, Venedig\",\"isPartOf\":{\"@id\":\"https:\/\/www.hotelaristoncaorle.it\/#website\"},\"datePublished\":\"2022-07-21T07:27:57+00:00\",\"dateModified\":\"2024-10-22T07:57:35+00:00\",\"description\":\"Im Hotel Ariston gibt es komfortable Zimmern mit seitlichem Meerblick und Balkon. Bis zu 4 Betten, g\u00fcnstige Preise\",\"breadcrumb\":{\"@id\":\"https:\/\/www.hotelaristoncaorle.it\/de\/zimmer\/seitlicher-meeresblick#breadcrumb\"},\"inLanguage\":\"de\",\"potentialAction\":[{\"@type\":\"ReadAction\",\"target\":[\"https:\/\/www.hotelaristoncaorle.it\/de\/zimmer\/seitlicher-meeresblick\"]}]},{\"@type\":\"BreadcrumbList\",\"@id\":\"https:\/\/www.hotelaristoncaorle.it\/de\/zimmer\/seitlicher-meeresblick#breadcrumb\",\"itemListElement\":[{\"@type\":\"ListItem\",\"position\":1,\"name\":\"Home\",\"item\":\"https:\/\/www.hotelaristoncaorle.it\/de\"},{\"@type\":\"ListItem\",\"position\":2,\"name\":\"Zimmer und Suiten\",\"item\":\"https:\/\/www.hotelaristoncaorle.it\/de\/zimmer\"},{\"@type\":\"ListItem\",\"position\":3,\"name\":\"Vierbettzimmer Classic\"}]},{\"@type\":\"WebSite\",\"@id\":\"https:\/\/www.hotelaristoncaorle.it\/#website\",\"url\":\"https:\/\/www.hotelaristoncaorle.it\/\",\"name\":\"Hotel Ariston Caorle\",\"description\":\"\",\"publisher\":{\"@id\":\"https:\/\/www.hotelaristoncaorle.it\/#organization\"},\"potentialAction\":[{\"@type\":\"SearchAction\",\"target\":{\"@type\":\"EntryPoint\",\"urlTemplate\":\"https:\/\/www.hotelaristoncaorle.it\/?s={search_term_string}\"},\"query-input\":{\"@type\":\"PropertyValueSpecification\",\"valueRequired\":true,\"valueName\":\"search_term_string\"}}],\"inLanguage\":\"de\"},{\"@type\":\"Organization\",\"@id\":\"https:\/\/www.hotelaristoncaorle.it\/#organization\",\"name\":\"Hotel Ariston Caorle\",\"url\":\"https:\/\/www.hotelaristoncaorle.it\/\",\"logo\":{\"@type\":\"ImageObject\",\"inLanguage\":\"de\",\"@id\":\"https:\/\/www.hotelaristoncaorle.it\/#\/schema\/logo\/image\/\",\"url\":\"https:\/\/www.hotelaristoncaorle.it\/wp-content\/uploads\/2022\/07\/logo_email.svg\",\"contentUrl\":\"https:\/\/www.hotelaristoncaorle.it\/wp-content\/uploads\/2022\/07\/logo_email.svg\",\"width\":51,\"height\":52,\"caption\":\"Hotel Ariston Caorle\"},\"image\":{\"@id\":\"https:\/\/www.hotelaristoncaorle.it\/#\/schema\/logo\/image\/\"}}]}<\/script>\n<!-- \/ Yoast SEO plugin. -->","yoast_head_json":{"title":"Hotel mit Zimmern mit seitlichem Meerblick in Caorle, Venedig","description":"Im Hotel Ariston gibt es komfortable Zimmern mit seitlichem Meerblick und Balkon. Bis zu 4 Betten, g\u00fcnstige Preise","robots":{"index":"index","follow":"follow","max-snippet":"max-snippet:-1","max-image-preview":"max-image-preview:large","max-video-preview":"max-video-preview:-1"},"canonical":"https:\/\/www.hotelaristoncaorle.it\/de\/zimmer\/seitlicher-meeresblick","og_locale":"de_DE","og_type":"article","og_title":"Hotel mit Zimmern mit seitlichem Meerblick in Caorle, Venedig","og_description":"Im Hotel Ariston gibt es komfortable Zimmern mit seitlichem Meerblick und Balkon. Bis zu 4 Betten, g\u00fcnstige Preise","og_url":"https:\/\/www.hotelaristoncaorle.it\/de\/zimmer\/seitlicher-meeresblick","og_site_name":"Hotel Ariston Caorle","article_modified_time":"2024-10-22T07:57:35+00:00","twitter_card":"summary_large_image","twitter_misc":{"Gesch\u00e4tzte Lesezeit":"1\u00a0Minute"},"schema":{"@context":"https:\/\/schema.org","@graph":[{"@type":"WebPage","@id":"https:\/\/www.hotelaristoncaorle.it\/de\/zimmer\/seitlicher-meeresblick","url":"https:\/\/www.hotelaristoncaorle.it\/de\/zimmer\/seitlicher-meeresblick","name":"Hotel mit Zimmern mit seitlichem Meerblick in Caorle, Venedig","isPartOf":{"@id":"https:\/\/www.hotelaristoncaorle.it\/#website"},"datePublished":"2022-07-21T07:27:57+00:00","dateModified":"2024-10-22T07:57:35+00:00","description":"Im Hotel Ariston gibt es komfortable Zimmern mit seitlichem Meerblick und Balkon. Bis zu 4 Betten, g\u00fcnstige Preise","breadcrumb":{"@id":"https:\/\/www.hotelaristoncaorle.it\/de\/zimmer\/seitlicher-meeresblick#breadcrumb"},"inLanguage":"de","potentialAction":[{"@type":"ReadAction","target":["https:\/\/www.hotelaristoncaorle.it\/de\/zimmer\/seitlicher-meeresblick"]}]},{"@type":"BreadcrumbList","@id":"https:\/\/www.hotelaristoncaorle.it\/de\/zimmer\/seitlicher-meeresblick#breadcrumb","itemListElement":[{"@type":"ListItem","position":1,"name":"Home","item":"https:\/\/www.hotelaristoncaorle.it\/de"},{"@type":"ListItem","position":2,"name":"Zimmer und Suiten","item":"https:\/\/www.hotelaristoncaorle.it\/de\/zimmer"},{"@type":"ListItem","position":3,"name":"Vierbettzimmer Classic"}]},{"@type":"WebSite","@id":"https:\/\/www.hotelaristoncaorle.it\/#website","url":"https:\/\/www.hotelaristoncaorle.it\/","name":"Hotel Ariston Caorle","description":"","publisher":{"@id":"https:\/\/www.hotelaristoncaorle.it\/#organization"},"potentialAction":[{"@type":"SearchAction","target":{"@type":"EntryPoint","urlTemplate":"https:\/\/www.hotelaristoncaorle.it\/?s={search_term_string}"},"query-input":{"@type":"PropertyValueSpecification","valueRequired":true,"valueName":"search_term_string"}}],"inLanguage":"de"},{"@type":"Organization","@id":"https:\/\/www.hotelaristoncaorle.it\/#organization","name":"Hotel Ariston Caorle","url":"https:\/\/www.hotelaristoncaorle.it\/","logo":{"@type":"ImageObject","inLanguage":"de","@id":"https:\/\/www.hotelaristoncaorle.it\/#\/schema\/logo\/image\/","url":"https:\/\/www.hotelaristoncaorle.it\/wp-content\/uploads\/2022\/07\/logo_email.svg","contentUrl":"https:\/\/www.hotelaristoncaorle.it\/wp-content\/uploads\/2022\/07\/logo_email.svg","width":51,"height":52,"caption":"Hotel Ariston Caorle"},"image":{"@id":"https:\/\/www.hotelaristoncaorle.it\/#\/schema\/logo\/image\/"}}]}},"_links":{"self":[{"href":"https:\/\/www.hotelaristoncaorle.it\/de\/wp-json\/wp\/v2\/pages\/1332","targetHints":{"allow":["GET"]}}],"collection":[{"href":"https:\/\/www.hotelaristoncaorle.it\/de\/wp-json\/wp\/v2\/pages"}],"about":[{"href":"https:\/\/www.hotelaristoncaorle.it\/de\/wp-json\/wp\/v2\/types\/page"}],"author":[{"embeddable":true,"href":"https:\/\/www.hotelaristoncaorle.it\/de\/wp-json\/wp\/v2\/users\/1"}],"replies":[{"embeddable":true,"href":"https:\/\/www.hotelaristoncaorle.it\/de\/wp-json\/wp\/v2\/comments?post=1332"}],"version-history":[{"count":4,"href":"https:\/\/www.hotelaristoncaorle.it\/de\/wp-json\/wp\/v2\/pages\/1332\/revisions"}],"predecessor-version":[{"id":2345,"href":"https:\/\/www.hotelaristoncaorle.it\/de\/wp-json\/wp\/v2\/pages\/1332\/revisions\/2345"}],"up":[{"embeddable":true,"href":"https:\/\/www.hotelaristoncaorle.it\/de\/wp-json\/wp\/v2\/pages\/1326"}],"wp:attachment":[{"href":"https:\/\/www.hotelaristoncaorle.it\/de\/wp-json\/wp\/v2\/media?parent=1332"}],"curies":[{"name":"wp","href":"https:\/\/api.w.org\/{rel}","templated":true}]}}