{"id":1328,"date":"2022-07-21T09:27:56","date_gmt":"2022-07-21T07:27:56","guid":{"rendered":"http:\/\/www.hotelaristoncaorle.it\/camere\/deluxe"},"modified":"2025-03-06T09:39:52","modified_gmt":"2025-03-06T08:39:52","slug":"deluxe","status":"publish","type":"page","link":"https:\/\/www.hotelaristoncaorle.it\/de\/zimmer\/deluxe","title":{"rendered":"Deluxe direkt auf das Meer"},"content":{"rendered":"\n<p>W\u00e4hlen Sie unter den heimeligen <b>Deluxe-Doppelbettsuiten<\/b> f\u00fcr einen romantischen Paarurlaub, den <b>Family Deluxe &#8211; Suiten<\/b> f\u00fcr einen Familienurlaub und den <b>Deluxe-Dreibettsuiten<\/b> f\u00fcr einen Urlaub mit Freunden aus, oder wenn Sie nicht auf viel Platz verzichten wollen, da sie \u00fcber zwei Schlafzimmer, zwei Badezimmer, <b>2 Sonnenschirme und 4 Sonnenliegen am Strand<\/b> und einen <b>Balkon mit frontalem Meeresblick<\/b> verf\u00fcgen. Die Deluxe-Suiten sind durch ihre zarten Meeres- und Sandfarbt\u00f6ne gepr\u00e4gt.<\/p>\n","protected":false},"excerpt":{"rendered":"<p>W\u00e4hlen Sie unter den heimeligen Deluxe-Doppelbettsuiten f\u00fcr einen romantischen Paarurlaub, den Family Deluxe &#8211; Suiten f\u00fcr einen Familienurlaub und den Deluxe-Dreibettsuiten f\u00fcr einen Urlaub mit Freunden aus, oder wenn Sie nicht auf viel Platz verzichten wollen, da sie \u00fcber zwei Schlafzimmer, zwei Badezimmer, 2 Sonnenschirme und 4 Sonnenliegen am Strand und einen Balkon mit frontalem &hellip;<\/p>\n","protected":false},"author":1,"featured_media":0,"parent":1326,"menu_order":0,"comment_status":"closed","ping_status":"closed","template":"page-templates\/dettaglio_camera.php","meta":{"_acf_changed":false,"inline_featured_image":false,"footnotes":""},"class_list":["post-1328","page","type-page","status-publish","hentry"],"acf":[],"yoast_head":"<!-- This site is optimized with the Yoast SEO plugin v27.0 - https:\/\/yoast.com\/product\/yoast-seo-wordpress\/ -->\n<title>Hotel mit Deluxe-Zimmern in Caorle, Venedig | Hotel Ariston<\/title>\n<meta name=\"description\" content=\"Im Hotel Ariston k\u00f6nnen Sie in komfortablen Deluxe-Zimmern mit Balkon \u00fcbernachten. Doppel-, Familien- und Dreibettzimmer\" \/>\n<meta name=\"robots\" content=\"index, follow, max-snippet:-1, max-image-preview:large, max-video-preview:-1\" \/>\n<link rel=\"canonical\" href=\"https:\/\/www.hotelaristoncaorle.it\/de\/zimmer\/deluxe\" \/>\n<meta property=\"og:locale\" content=\"de_DE\" \/>\n<meta property=\"og:type\" content=\"article\" \/>\n<meta property=\"og:title\" content=\"Hotel mit Deluxe-Zimmern in Caorle, Venedig | Hotel Ariston\" \/>\n<meta property=\"og:description\" content=\"Im Hotel Ariston k\u00f6nnen Sie in komfortablen Deluxe-Zimmern mit Balkon \u00fcbernachten. Doppel-, Familien- und Dreibettzimmer\" \/>\n<meta property=\"og:url\" content=\"https:\/\/www.hotelaristoncaorle.it\/de\/zimmer\/deluxe\" \/>\n<meta property=\"og:site_name\" content=\"Hotel Ariston Caorle\" \/>\n<meta property=\"article:modified_time\" content=\"2025-03-06T08:39:52+00:00\" \/>\n<meta name=\"twitter:card\" content=\"summary_large_image\" \/>\n<meta name=\"twitter:label1\" content=\"Gesch\u00e4tzte Lesezeit\" \/>\n\t<meta name=\"twitter:data1\" content=\"1\u00a0Minute\" \/>\n<script type=\"application\/ld+json\" class=\"yoast-schema-graph\">{\"@context\":\"https:\/\/schema.org\",\"@graph\":[{\"@type\":\"WebPage\",\"@id\":\"https:\/\/www.hotelaristoncaorle.it\/de\/zimmer\/deluxe\",\"url\":\"https:\/\/www.hotelaristoncaorle.it\/de\/zimmer\/deluxe\",\"name\":\"Hotel mit Deluxe-Zimmern in Caorle, Venedig | Hotel Ariston\",\"isPartOf\":{\"@id\":\"https:\/\/www.hotelaristoncaorle.it\/#website\"},\"datePublished\":\"2022-07-21T07:27:56+00:00\",\"dateModified\":\"2025-03-06T08:39:52+00:00\",\"description\":\"Im Hotel Ariston k\u00f6nnen Sie in komfortablen Deluxe-Zimmern mit Balkon \u00fcbernachten. Doppel-, Familien- und Dreibettzimmer\",\"breadcrumb\":{\"@id\":\"https:\/\/www.hotelaristoncaorle.it\/de\/zimmer\/deluxe#breadcrumb\"},\"inLanguage\":\"de\",\"potentialAction\":[{\"@type\":\"ReadAction\",\"target\":[\"https:\/\/www.hotelaristoncaorle.it\/de\/zimmer\/deluxe\"]}]},{\"@type\":\"BreadcrumbList\",\"@id\":\"https:\/\/www.hotelaristoncaorle.it\/de\/zimmer\/deluxe#breadcrumb\",\"itemListElement\":[{\"@type\":\"ListItem\",\"position\":1,\"name\":\"Home\",\"item\":\"https:\/\/www.hotelaristoncaorle.it\/de\"},{\"@type\":\"ListItem\",\"position\":2,\"name\":\"Zimmer und Suiten\",\"item\":\"https:\/\/www.hotelaristoncaorle.it\/de\/zimmer\"},{\"@type\":\"ListItem\",\"position\":3,\"name\":\"Deluxe direkt auf das Meer\"}]},{\"@type\":\"WebSite\",\"@id\":\"https:\/\/www.hotelaristoncaorle.it\/#website\",\"url\":\"https:\/\/www.hotelaristoncaorle.it\/\",\"name\":\"Hotel Ariston Caorle\",\"description\":\"\",\"publisher\":{\"@id\":\"https:\/\/www.hotelaristoncaorle.it\/#organization\"},\"potentialAction\":[{\"@type\":\"SearchAction\",\"target\":{\"@type\":\"EntryPoint\",\"urlTemplate\":\"https:\/\/www.hotelaristoncaorle.it\/?s={search_term_string}\"},\"query-input\":{\"@type\":\"PropertyValueSpecification\",\"valueRequired\":true,\"valueName\":\"search_term_string\"}}],\"inLanguage\":\"de\"},{\"@type\":\"Organization\",\"@id\":\"https:\/\/www.hotelaristoncaorle.it\/#organization\",\"name\":\"Hotel Ariston Caorle\",\"url\":\"https:\/\/www.hotelaristoncaorle.it\/\",\"logo\":{\"@type\":\"ImageObject\",\"inLanguage\":\"de\",\"@id\":\"https:\/\/www.hotelaristoncaorle.it\/#\/schema\/logo\/image\/\",\"url\":\"https:\/\/www.hotelaristoncaorle.it\/wp-content\/uploads\/2022\/07\/logo_email.svg\",\"contentUrl\":\"https:\/\/www.hotelaristoncaorle.it\/wp-content\/uploads\/2022\/07\/logo_email.svg\",\"width\":51,\"height\":52,\"caption\":\"Hotel Ariston Caorle\"},\"image\":{\"@id\":\"https:\/\/www.hotelaristoncaorle.it\/#\/schema\/logo\/image\/\"}}]}<\/script>\n<!-- \/ Yoast SEO plugin. -->","yoast_head_json":{"title":"Hotel mit Deluxe-Zimmern in Caorle, Venedig | Hotel Ariston","description":"Im Hotel Ariston k\u00f6nnen Sie in komfortablen Deluxe-Zimmern mit Balkon \u00fcbernachten. Doppel-, Familien- und Dreibettzimmer","robots":{"index":"index","follow":"follow","max-snippet":"max-snippet:-1","max-image-preview":"max-image-preview:large","max-video-preview":"max-video-preview:-1"},"canonical":"https:\/\/www.hotelaristoncaorle.it\/de\/zimmer\/deluxe","og_locale":"de_DE","og_type":"article","og_title":"Hotel mit Deluxe-Zimmern in Caorle, Venedig | Hotel Ariston","og_description":"Im Hotel Ariston k\u00f6nnen Sie in komfortablen Deluxe-Zimmern mit Balkon \u00fcbernachten. Doppel-, Familien- und Dreibettzimmer","og_url":"https:\/\/www.hotelaristoncaorle.it\/de\/zimmer\/deluxe","og_site_name":"Hotel Ariston Caorle","article_modified_time":"2025-03-06T08:39:52+00:00","twitter_card":"summary_large_image","twitter_misc":{"Gesch\u00e4tzte Lesezeit":"1\u00a0Minute"},"schema":{"@context":"https:\/\/schema.org","@graph":[{"@type":"WebPage","@id":"https:\/\/www.hotelaristoncaorle.it\/de\/zimmer\/deluxe","url":"https:\/\/www.hotelaristoncaorle.it\/de\/zimmer\/deluxe","name":"Hotel mit Deluxe-Zimmern in Caorle, Venedig | Hotel Ariston","isPartOf":{"@id":"https:\/\/www.hotelaristoncaorle.it\/#website"},"datePublished":"2022-07-21T07:27:56+00:00","dateModified":"2025-03-06T08:39:52+00:00","description":"Im Hotel Ariston k\u00f6nnen Sie in komfortablen Deluxe-Zimmern mit Balkon \u00fcbernachten. Doppel-, Familien- und Dreibettzimmer","breadcrumb":{"@id":"https:\/\/www.hotelaristoncaorle.it\/de\/zimmer\/deluxe#breadcrumb"},"inLanguage":"de","potentialAction":[{"@type":"ReadAction","target":["https:\/\/www.hotelaristoncaorle.it\/de\/zimmer\/deluxe"]}]},{"@type":"BreadcrumbList","@id":"https:\/\/www.hotelaristoncaorle.it\/de\/zimmer\/deluxe#breadcrumb","itemListElement":[{"@type":"ListItem","position":1,"name":"Home","item":"https:\/\/www.hotelaristoncaorle.it\/de"},{"@type":"ListItem","position":2,"name":"Zimmer und Suiten","item":"https:\/\/www.hotelaristoncaorle.it\/de\/zimmer"},{"@type":"ListItem","position":3,"name":"Deluxe direkt auf das Meer"}]},{"@type":"WebSite","@id":"https:\/\/www.hotelaristoncaorle.it\/#website","url":"https:\/\/www.hotelaristoncaorle.it\/","name":"Hotel Ariston Caorle","description":"","publisher":{"@id":"https:\/\/www.hotelaristoncaorle.it\/#organization"},"potentialAction":[{"@type":"SearchAction","target":{"@type":"EntryPoint","urlTemplate":"https:\/\/www.hotelaristoncaorle.it\/?s={search_term_string}"},"query-input":{"@type":"PropertyValueSpecification","valueRequired":true,"valueName":"search_term_string"}}],"inLanguage":"de"},{"@type":"Organization","@id":"https:\/\/www.hotelaristoncaorle.it\/#organization","name":"Hotel Ariston Caorle","url":"https:\/\/www.hotelaristoncaorle.it\/","logo":{"@type":"ImageObject","inLanguage":"de","@id":"https:\/\/www.hotelaristoncaorle.it\/#\/schema\/logo\/image\/","url":"https:\/\/www.hotelaristoncaorle.it\/wp-content\/uploads\/2022\/07\/logo_email.svg","contentUrl":"https:\/\/www.hotelaristoncaorle.it\/wp-content\/uploads\/2022\/07\/logo_email.svg","width":51,"height":52,"caption":"Hotel Ariston Caorle"},"image":{"@id":"https:\/\/www.hotelaristoncaorle.it\/#\/schema\/logo\/image\/"}}]}},"_links":{"self":[{"href":"https:\/\/www.hotelaristoncaorle.it\/de\/wp-json\/wp\/v2\/pages\/1328","targetHints":{"allow":["GET"]}}],"collection":[{"href":"https:\/\/www.hotelaristoncaorle.it\/de\/wp-json\/wp\/v2\/pages"}],"about":[{"href":"https:\/\/www.hotelaristoncaorle.it\/de\/wp-json\/wp\/v2\/types\/page"}],"author":[{"embeddable":true,"href":"https:\/\/www.hotelaristoncaorle.it\/de\/wp-json\/wp\/v2\/users\/1"}],"replies":[{"embeddable":true,"href":"https:\/\/www.hotelaristoncaorle.it\/de\/wp-json\/wp\/v2\/comments?post=1328"}],"version-history":[{"count":2,"href":"https:\/\/www.hotelaristoncaorle.it\/de\/wp-json\/wp\/v2\/pages\/1328\/revisions"}],"predecessor-version":[{"id":2575,"href":"https:\/\/www.hotelaristoncaorle.it\/de\/wp-json\/wp\/v2\/pages\/1328\/revisions\/2575"}],"up":[{"embeddable":true,"href":"https:\/\/www.hotelaristoncaorle.it\/de\/wp-json\/wp\/v2\/pages\/1326"}],"wp:attachment":[{"href":"https:\/\/www.hotelaristoncaorle.it\/de\/wp-json\/wp\/v2\/media?parent=1328"}],"curies":[{"name":"wp","href":"https:\/\/api.w.org\/{rel}","templated":true}]}}