{"id":1326,"date":"2022-07-21T09:27:55","date_gmt":"2022-07-21T07:27:55","guid":{"rendered":"http:\/\/www.hotelaristoncaorle.it\/zimmer-und-suiten"},"modified":"2025-03-06T11:11:39","modified_gmt":"2025-03-06T10:11:39","slug":"zimmer","status":"publish","type":"page","link":"https:\/\/www.hotelaristoncaorle.it\/de\/zimmer","title":{"rendered":"Zimmer und Suiten"},"content":{"rendered":"\n<p>Wir unterscheiden uns gerne, auch darin wie wir eine Gute Nacht w\u00fcnschen Daher haben wir f\u00fcr alle <b>54<\/b> <b>Zimmer<\/b> <b>edle Einrichtung<\/b>, <b>feine Stoffe<\/b> und <b>Farben gew\u00e4hlt, die Sommer<\/b>, Sand und Meer in Erinnerung rufen.<\/p>\n","protected":false},"excerpt":{"rendered":"<p>Wir unterscheiden uns gerne, auch darin wie wir eine Gute Nacht w\u00fcnschen Daher haben wir f\u00fcr alle 54 Zimmer edle Einrichtung, feine Stoffe und Farben gew\u00e4hlt, die Sommer, Sand und Meer in Erinnerung rufen.<\/p>\n","protected":false},"author":1,"featured_media":0,"parent":0,"menu_order":0,"comment_status":"closed","ping_status":"closed","template":"page-templates\/pagina_camere.php","meta":{"_acf_changed":false,"inline_featured_image":false,"footnotes":""},"class_list":["post-1326","page","type-page","status-publish","hentry"],"acf":[],"yoast_head":"<!-- This site is optimized with the Yoast SEO plugin v27.0 - https:\/\/yoast.com\/product\/yoast-seo-wordpress\/ -->\n<title>Hotel mit Zimmer und Suiten mit Meerblick in Caorle, Venedig<\/title>\n<meta name=\"description\" content=\"Qualit\u00e4t, Komfort und Familienleistungen f\u00fcr einen perfekten Urlaub! Im Hotel Ariston Caorle mit Klimaanlage und Meerblick\" \/>\n<meta name=\"robots\" content=\"index, follow, max-snippet:-1, max-image-preview:large, max-video-preview:-1\" \/>\n<link rel=\"canonical\" href=\"https:\/\/www.hotelaristoncaorle.it\/de\/zimmer\" \/>\n<meta property=\"og:locale\" content=\"de_DE\" \/>\n<meta property=\"og:type\" content=\"article\" \/>\n<meta property=\"og:title\" content=\"Hotel mit Zimmer und Suiten mit Meerblick in Caorle, Venedig\" \/>\n<meta property=\"og:description\" content=\"Qualit\u00e4t, Komfort und Familienleistungen f\u00fcr einen perfekten Urlaub! Im Hotel Ariston Caorle mit Klimaanlage und Meerblick\" \/>\n<meta property=\"og:url\" content=\"https:\/\/www.hotelaristoncaorle.it\/de\/zimmer\" \/>\n<meta property=\"og:site_name\" content=\"Hotel Ariston Caorle\" \/>\n<meta property=\"article:modified_time\" content=\"2025-03-06T10:11:39+00:00\" \/>\n<meta name=\"twitter:card\" content=\"summary_large_image\" \/>\n<meta name=\"twitter:label1\" content=\"Gesch\u00e4tzte Lesezeit\" \/>\n\t<meta name=\"twitter:data1\" content=\"1\u00a0Minute\" \/>\n<script type=\"application\/ld+json\" class=\"yoast-schema-graph\">{\"@context\":\"https:\/\/schema.org\",\"@graph\":[{\"@type\":\"WebPage\",\"@id\":\"https:\/\/www.hotelaristoncaorle.it\/de\/zimmer\",\"url\":\"https:\/\/www.hotelaristoncaorle.it\/de\/zimmer\",\"name\":\"Hotel mit Zimmer und Suiten mit Meerblick in Caorle, Venedig\",\"isPartOf\":{\"@id\":\"https:\/\/www.hotelaristoncaorle.it\/#website\"},\"datePublished\":\"2022-07-21T07:27:55+00:00\",\"dateModified\":\"2025-03-06T10:11:39+00:00\",\"description\":\"Qualit\u00e4t, Komfort und Familienleistungen f\u00fcr einen perfekten Urlaub! Im Hotel Ariston Caorle mit Klimaanlage und Meerblick\",\"breadcrumb\":{\"@id\":\"https:\/\/www.hotelaristoncaorle.it\/de\/zimmer#breadcrumb\"},\"inLanguage\":\"de\",\"potentialAction\":[{\"@type\":\"ReadAction\",\"target\":[\"https:\/\/www.hotelaristoncaorle.it\/de\/zimmer\"]}]},{\"@type\":\"BreadcrumbList\",\"@id\":\"https:\/\/www.hotelaristoncaorle.it\/de\/zimmer#breadcrumb\",\"itemListElement\":[{\"@type\":\"ListItem\",\"position\":1,\"name\":\"Home\",\"item\":\"https:\/\/www.hotelaristoncaorle.it\/de\"},{\"@type\":\"ListItem\",\"position\":2,\"name\":\"Zimmer und Suiten\"}]},{\"@type\":\"WebSite\",\"@id\":\"https:\/\/www.hotelaristoncaorle.it\/#website\",\"url\":\"https:\/\/www.hotelaristoncaorle.it\/\",\"name\":\"Hotel Ariston Caorle\",\"description\":\"\",\"publisher\":{\"@id\":\"https:\/\/www.hotelaristoncaorle.it\/#organization\"},\"potentialAction\":[{\"@type\":\"SearchAction\",\"target\":{\"@type\":\"EntryPoint\",\"urlTemplate\":\"https:\/\/www.hotelaristoncaorle.it\/?s={search_term_string}\"},\"query-input\":{\"@type\":\"PropertyValueSpecification\",\"valueRequired\":true,\"valueName\":\"search_term_string\"}}],\"inLanguage\":\"de\"},{\"@type\":\"Organization\",\"@id\":\"https:\/\/www.hotelaristoncaorle.it\/#organization\",\"name\":\"Hotel Ariston Caorle\",\"url\":\"https:\/\/www.hotelaristoncaorle.it\/\",\"logo\":{\"@type\":\"ImageObject\",\"inLanguage\":\"de\",\"@id\":\"https:\/\/www.hotelaristoncaorle.it\/#\/schema\/logo\/image\/\",\"url\":\"https:\/\/www.hotelaristoncaorle.it\/wp-content\/uploads\/2022\/07\/logo_email.svg\",\"contentUrl\":\"https:\/\/www.hotelaristoncaorle.it\/wp-content\/uploads\/2022\/07\/logo_email.svg\",\"width\":51,\"height\":52,\"caption\":\"Hotel Ariston Caorle\"},\"image\":{\"@id\":\"https:\/\/www.hotelaristoncaorle.it\/#\/schema\/logo\/image\/\"}}]}<\/script>\n<!-- \/ Yoast SEO plugin. -->","yoast_head_json":{"title":"Hotel mit Zimmer und Suiten mit Meerblick in Caorle, Venedig","description":"Qualit\u00e4t, Komfort und Familienleistungen f\u00fcr einen perfekten Urlaub! Im Hotel Ariston Caorle mit Klimaanlage und Meerblick","robots":{"index":"index","follow":"follow","max-snippet":"max-snippet:-1","max-image-preview":"max-image-preview:large","max-video-preview":"max-video-preview:-1"},"canonical":"https:\/\/www.hotelaristoncaorle.it\/de\/zimmer","og_locale":"de_DE","og_type":"article","og_title":"Hotel mit Zimmer und Suiten mit Meerblick in Caorle, Venedig","og_description":"Qualit\u00e4t, Komfort und Familienleistungen f\u00fcr einen perfekten Urlaub! Im Hotel Ariston Caorle mit Klimaanlage und Meerblick","og_url":"https:\/\/www.hotelaristoncaorle.it\/de\/zimmer","og_site_name":"Hotel Ariston Caorle","article_modified_time":"2025-03-06T10:11:39+00:00","twitter_card":"summary_large_image","twitter_misc":{"Gesch\u00e4tzte Lesezeit":"1\u00a0Minute"},"schema":{"@context":"https:\/\/schema.org","@graph":[{"@type":"WebPage","@id":"https:\/\/www.hotelaristoncaorle.it\/de\/zimmer","url":"https:\/\/www.hotelaristoncaorle.it\/de\/zimmer","name":"Hotel mit Zimmer und Suiten mit Meerblick in Caorle, Venedig","isPartOf":{"@id":"https:\/\/www.hotelaristoncaorle.it\/#website"},"datePublished":"2022-07-21T07:27:55+00:00","dateModified":"2025-03-06T10:11:39+00:00","description":"Qualit\u00e4t, Komfort und Familienleistungen f\u00fcr einen perfekten Urlaub! Im Hotel Ariston Caorle mit Klimaanlage und Meerblick","breadcrumb":{"@id":"https:\/\/www.hotelaristoncaorle.it\/de\/zimmer#breadcrumb"},"inLanguage":"de","potentialAction":[{"@type":"ReadAction","target":["https:\/\/www.hotelaristoncaorle.it\/de\/zimmer"]}]},{"@type":"BreadcrumbList","@id":"https:\/\/www.hotelaristoncaorle.it\/de\/zimmer#breadcrumb","itemListElement":[{"@type":"ListItem","position":1,"name":"Home","item":"https:\/\/www.hotelaristoncaorle.it\/de"},{"@type":"ListItem","position":2,"name":"Zimmer und Suiten"}]},{"@type":"WebSite","@id":"https:\/\/www.hotelaristoncaorle.it\/#website","url":"https:\/\/www.hotelaristoncaorle.it\/","name":"Hotel Ariston Caorle","description":"","publisher":{"@id":"https:\/\/www.hotelaristoncaorle.it\/#organization"},"potentialAction":[{"@type":"SearchAction","target":{"@type":"EntryPoint","urlTemplate":"https:\/\/www.hotelaristoncaorle.it\/?s={search_term_string}"},"query-input":{"@type":"PropertyValueSpecification","valueRequired":true,"valueName":"search_term_string"}}],"inLanguage":"de"},{"@type":"Organization","@id":"https:\/\/www.hotelaristoncaorle.it\/#organization","name":"Hotel Ariston Caorle","url":"https:\/\/www.hotelaristoncaorle.it\/","logo":{"@type":"ImageObject","inLanguage":"de","@id":"https:\/\/www.hotelaristoncaorle.it\/#\/schema\/logo\/image\/","url":"https:\/\/www.hotelaristoncaorle.it\/wp-content\/uploads\/2022\/07\/logo_email.svg","contentUrl":"https:\/\/www.hotelaristoncaorle.it\/wp-content\/uploads\/2022\/07\/logo_email.svg","width":51,"height":52,"caption":"Hotel Ariston Caorle"},"image":{"@id":"https:\/\/www.hotelaristoncaorle.it\/#\/schema\/logo\/image\/"}}]}},"_links":{"self":[{"href":"https:\/\/www.hotelaristoncaorle.it\/de\/wp-json\/wp\/v2\/pages\/1326","targetHints":{"allow":["GET"]}}],"collection":[{"href":"https:\/\/www.hotelaristoncaorle.it\/de\/wp-json\/wp\/v2\/pages"}],"about":[{"href":"https:\/\/www.hotelaristoncaorle.it\/de\/wp-json\/wp\/v2\/types\/page"}],"author":[{"embeddable":true,"href":"https:\/\/www.hotelaristoncaorle.it\/de\/wp-json\/wp\/v2\/users\/1"}],"replies":[{"embeddable":true,"href":"https:\/\/www.hotelaristoncaorle.it\/de\/wp-json\/wp\/v2\/comments?post=1326"}],"version-history":[{"count":11,"href":"https:\/\/www.hotelaristoncaorle.it\/de\/wp-json\/wp\/v2\/pages\/1326\/revisions"}],"predecessor-version":[{"id":2631,"href":"https:\/\/www.hotelaristoncaorle.it\/de\/wp-json\/wp\/v2\/pages\/1326\/revisions\/2631"}],"wp:attachment":[{"href":"https:\/\/www.hotelaristoncaorle.it\/de\/wp-json\/wp\/v2\/media?parent=1326"}],"curies":[{"name":"wp","href":"https:\/\/api.w.org\/{rel}","templated":true}]}}