{"id":1325,"date":"2022-07-21T09:27:55","date_gmt":"2022-07-21T07:27:55","guid":{"rendered":"http:\/\/www.hotelaristoncaorle.it\/hotel-und-serviceleistungen"},"modified":"2025-03-04T08:42:37","modified_gmt":"2025-03-04T07:42:37","slug":"serviceleistungen","status":"publish","type":"page","link":"https:\/\/www.hotelaristoncaorle.it\/de\/serviceleistungen","title":{"rendered":"Hotel und Serviceleistungen"},"content":{"rendered":"\n<p>Das <b>Meer<\/b> ist ein Kunstwerk, das hier zum Leitfaden Ihres Urlaubs wird. Sie bewundern es, w\u00e4hrend Sie unsere <b>K\u00fcche mit Produkten aus der unmittelbaren Umgebung<\/b> genie\u00dfen, Sie in den <b>Pool auf der Panoramaterrasse<\/b> springen oder sich Zeit f\u00fcr den heimeligen <b>Wellnessbereich<\/b> nehmen; Sie h\u00f6ren es wispern, w\u00e4hrend Sie ein Glas Wein auf der <b>Dachterrasse<\/b> oder einen <b>Aperitif der Cocktailbar im Au\u00dfenbereich<\/b> trinken, von dem aus Sie den <b>Privatstrand<\/b> mit nur 5 Schritten erreichen. Das Meer hier ist allgegenw\u00e4rtig, alles andere finden Sie bei uns, mit stimmungsvollem Empfang und exklusiven Serviceleistungen.<\/p>\n","protected":false},"excerpt":{"rendered":"<p>Das Meer ist ein Kunstwerk, das hier zum Leitfaden Ihres Urlaubs wird. Sie bewundern es, w\u00e4hrend Sie unsere K\u00fcche mit Produkten aus der unmittelbaren Umgebung genie\u00dfen, Sie in den Pool auf der Panoramaterrasse springen oder sich Zeit f\u00fcr den heimeligen Wellnessbereich nehmen; Sie h\u00f6ren es wispern, w\u00e4hrend Sie ein Glas Wein auf der Dachterrasse oder &hellip;<\/p>\n","protected":false},"author":1,"featured_media":0,"parent":0,"menu_order":0,"comment_status":"closed","ping_status":"closed","template":"page-templates\/pagina_servizi.php","meta":{"_acf_changed":false,"inline_featured_image":false,"footnotes":""},"class_list":["post-1325","page","type-page","status-publish","hentry"],"acf":[],"yoast_head":"<!-- This site is optimized with the Yoast SEO plugin v27.0 - https:\/\/yoast.com\/product\/yoast-seo-wordpress\/ -->\n<title>Hotel in Caorle mit Pool, Privatstrand, Parkplatz und Fitnessraum<\/title>\n<meta name=\"description\" content=\"Famili\u00e4re Atmosph\u00e4re und entspannende Umgebungen hei\u00dfen Sie in einem Hotel willkommen. Entdecken Sie alle unsere Dienstleistungen!\" \/>\n<meta name=\"robots\" content=\"index, follow, max-snippet:-1, max-image-preview:large, max-video-preview:-1\" \/>\n<link rel=\"canonical\" href=\"https:\/\/www.hotelaristoncaorle.it\/de\/serviceleistungen\" \/>\n<meta property=\"og:locale\" content=\"de_DE\" \/>\n<meta property=\"og:type\" content=\"article\" \/>\n<meta property=\"og:title\" content=\"Hotel in Caorle mit Pool, Privatstrand, Parkplatz und Fitnessraum\" \/>\n<meta property=\"og:description\" content=\"Famili\u00e4re Atmosph\u00e4re und entspannende Umgebungen hei\u00dfen Sie in einem Hotel willkommen. Entdecken Sie alle unsere Dienstleistungen!\" \/>\n<meta property=\"og:url\" content=\"https:\/\/www.hotelaristoncaorle.it\/de\/serviceleistungen\" \/>\n<meta property=\"og:site_name\" content=\"Hotel Ariston Caorle\" \/>\n<meta property=\"article:modified_time\" content=\"2025-03-04T07:42:37+00:00\" \/>\n<meta name=\"twitter:card\" content=\"summary_large_image\" \/>\n<meta name=\"twitter:label1\" content=\"Gesch\u00e4tzte Lesezeit\" \/>\n\t<meta name=\"twitter:data1\" content=\"1\u00a0Minute\" \/>\n<script type=\"application\/ld+json\" class=\"yoast-schema-graph\">{\"@context\":\"https:\/\/schema.org\",\"@graph\":[{\"@type\":\"WebPage\",\"@id\":\"https:\/\/www.hotelaristoncaorle.it\/de\/serviceleistungen\",\"url\":\"https:\/\/www.hotelaristoncaorle.it\/de\/serviceleistungen\",\"name\":\"Hotel in Caorle mit Pool, Privatstrand, Parkplatz und Fitnessraum\",\"isPartOf\":{\"@id\":\"https:\/\/www.hotelaristoncaorle.it\/#website\"},\"datePublished\":\"2022-07-21T07:27:55+00:00\",\"dateModified\":\"2025-03-04T07:42:37+00:00\",\"description\":\"Famili\u00e4re Atmosph\u00e4re und entspannende Umgebungen hei\u00dfen Sie in einem Hotel willkommen. Entdecken Sie alle unsere Dienstleistungen!\",\"breadcrumb\":{\"@id\":\"https:\/\/www.hotelaristoncaorle.it\/de\/serviceleistungen#breadcrumb\"},\"inLanguage\":\"de\",\"potentialAction\":[{\"@type\":\"ReadAction\",\"target\":[\"https:\/\/www.hotelaristoncaorle.it\/de\/serviceleistungen\"]}]},{\"@type\":\"BreadcrumbList\",\"@id\":\"https:\/\/www.hotelaristoncaorle.it\/de\/serviceleistungen#breadcrumb\",\"itemListElement\":[{\"@type\":\"ListItem\",\"position\":1,\"name\":\"Home\",\"item\":\"https:\/\/www.hotelaristoncaorle.it\/de\"},{\"@type\":\"ListItem\",\"position\":2,\"name\":\"Hotel und Serviceleistungen\"}]},{\"@type\":\"WebSite\",\"@id\":\"https:\/\/www.hotelaristoncaorle.it\/#website\",\"url\":\"https:\/\/www.hotelaristoncaorle.it\/\",\"name\":\"Hotel Ariston Caorle\",\"description\":\"\",\"publisher\":{\"@id\":\"https:\/\/www.hotelaristoncaorle.it\/#organization\"},\"potentialAction\":[{\"@type\":\"SearchAction\",\"target\":{\"@type\":\"EntryPoint\",\"urlTemplate\":\"https:\/\/www.hotelaristoncaorle.it\/?s={search_term_string}\"},\"query-input\":{\"@type\":\"PropertyValueSpecification\",\"valueRequired\":true,\"valueName\":\"search_term_string\"}}],\"inLanguage\":\"de\"},{\"@type\":\"Organization\",\"@id\":\"https:\/\/www.hotelaristoncaorle.it\/#organization\",\"name\":\"Hotel Ariston Caorle\",\"url\":\"https:\/\/www.hotelaristoncaorle.it\/\",\"logo\":{\"@type\":\"ImageObject\",\"inLanguage\":\"de\",\"@id\":\"https:\/\/www.hotelaristoncaorle.it\/#\/schema\/logo\/image\/\",\"url\":\"https:\/\/www.hotelaristoncaorle.it\/wp-content\/uploads\/2022\/07\/logo_email.svg\",\"contentUrl\":\"https:\/\/www.hotelaristoncaorle.it\/wp-content\/uploads\/2022\/07\/logo_email.svg\",\"width\":51,\"height\":52,\"caption\":\"Hotel Ariston Caorle\"},\"image\":{\"@id\":\"https:\/\/www.hotelaristoncaorle.it\/#\/schema\/logo\/image\/\"}}]}<\/script>\n<!-- \/ Yoast SEO plugin. -->","yoast_head_json":{"title":"Hotel in Caorle mit Pool, Privatstrand, Parkplatz und Fitnessraum","description":"Famili\u00e4re Atmosph\u00e4re und entspannende Umgebungen hei\u00dfen Sie in einem Hotel willkommen. Entdecken Sie alle unsere Dienstleistungen!","robots":{"index":"index","follow":"follow","max-snippet":"max-snippet:-1","max-image-preview":"max-image-preview:large","max-video-preview":"max-video-preview:-1"},"canonical":"https:\/\/www.hotelaristoncaorle.it\/de\/serviceleistungen","og_locale":"de_DE","og_type":"article","og_title":"Hotel in Caorle mit Pool, Privatstrand, Parkplatz und Fitnessraum","og_description":"Famili\u00e4re Atmosph\u00e4re und entspannende Umgebungen hei\u00dfen Sie in einem Hotel willkommen. Entdecken Sie alle unsere Dienstleistungen!","og_url":"https:\/\/www.hotelaristoncaorle.it\/de\/serviceleistungen","og_site_name":"Hotel Ariston Caorle","article_modified_time":"2025-03-04T07:42:37+00:00","twitter_card":"summary_large_image","twitter_misc":{"Gesch\u00e4tzte Lesezeit":"1\u00a0Minute"},"schema":{"@context":"https:\/\/schema.org","@graph":[{"@type":"WebPage","@id":"https:\/\/www.hotelaristoncaorle.it\/de\/serviceleistungen","url":"https:\/\/www.hotelaristoncaorle.it\/de\/serviceleistungen","name":"Hotel in Caorle mit Pool, Privatstrand, Parkplatz und Fitnessraum","isPartOf":{"@id":"https:\/\/www.hotelaristoncaorle.it\/#website"},"datePublished":"2022-07-21T07:27:55+00:00","dateModified":"2025-03-04T07:42:37+00:00","description":"Famili\u00e4re Atmosph\u00e4re und entspannende Umgebungen hei\u00dfen Sie in einem Hotel willkommen. Entdecken Sie alle unsere Dienstleistungen!","breadcrumb":{"@id":"https:\/\/www.hotelaristoncaorle.it\/de\/serviceleistungen#breadcrumb"},"inLanguage":"de","potentialAction":[{"@type":"ReadAction","target":["https:\/\/www.hotelaristoncaorle.it\/de\/serviceleistungen"]}]},{"@type":"BreadcrumbList","@id":"https:\/\/www.hotelaristoncaorle.it\/de\/serviceleistungen#breadcrumb","itemListElement":[{"@type":"ListItem","position":1,"name":"Home","item":"https:\/\/www.hotelaristoncaorle.it\/de"},{"@type":"ListItem","position":2,"name":"Hotel und Serviceleistungen"}]},{"@type":"WebSite","@id":"https:\/\/www.hotelaristoncaorle.it\/#website","url":"https:\/\/www.hotelaristoncaorle.it\/","name":"Hotel Ariston Caorle","description":"","publisher":{"@id":"https:\/\/www.hotelaristoncaorle.it\/#organization"},"potentialAction":[{"@type":"SearchAction","target":{"@type":"EntryPoint","urlTemplate":"https:\/\/www.hotelaristoncaorle.it\/?s={search_term_string}"},"query-input":{"@type":"PropertyValueSpecification","valueRequired":true,"valueName":"search_term_string"}}],"inLanguage":"de"},{"@type":"Organization","@id":"https:\/\/www.hotelaristoncaorle.it\/#organization","name":"Hotel Ariston Caorle","url":"https:\/\/www.hotelaristoncaorle.it\/","logo":{"@type":"ImageObject","inLanguage":"de","@id":"https:\/\/www.hotelaristoncaorle.it\/#\/schema\/logo\/image\/","url":"https:\/\/www.hotelaristoncaorle.it\/wp-content\/uploads\/2022\/07\/logo_email.svg","contentUrl":"https:\/\/www.hotelaristoncaorle.it\/wp-content\/uploads\/2022\/07\/logo_email.svg","width":51,"height":52,"caption":"Hotel Ariston Caorle"},"image":{"@id":"https:\/\/www.hotelaristoncaorle.it\/#\/schema\/logo\/image\/"}}]}},"_links":{"self":[{"href":"https:\/\/www.hotelaristoncaorle.it\/de\/wp-json\/wp\/v2\/pages\/1325","targetHints":{"allow":["GET"]}}],"collection":[{"href":"https:\/\/www.hotelaristoncaorle.it\/de\/wp-json\/wp\/v2\/pages"}],"about":[{"href":"https:\/\/www.hotelaristoncaorle.it\/de\/wp-json\/wp\/v2\/types\/page"}],"author":[{"embeddable":true,"href":"https:\/\/www.hotelaristoncaorle.it\/de\/wp-json\/wp\/v2\/users\/1"}],"replies":[{"embeddable":true,"href":"https:\/\/www.hotelaristoncaorle.it\/de\/wp-json\/wp\/v2\/comments?post=1325"}],"version-history":[{"count":6,"href":"https:\/\/www.hotelaristoncaorle.it\/de\/wp-json\/wp\/v2\/pages\/1325\/revisions"}],"predecessor-version":[{"id":2543,"href":"https:\/\/www.hotelaristoncaorle.it\/de\/wp-json\/wp\/v2\/pages\/1325\/revisions\/2543"}],"wp:attachment":[{"href":"https:\/\/www.hotelaristoncaorle.it\/de\/wp-json\/wp\/v2\/media?parent=1325"}],"curies":[{"name":"wp","href":"https:\/\/api.w.org\/{rel}","templated":true}]}}